{"id":65,"date":"2021-04-24T12:53:13","date_gmt":"2021-04-24T10:53:13","guid":{"rendered":"https:\/\/vibrationkundaliniyoga.fr\/?page_id=65"},"modified":"2024-10-08T09:36:11","modified_gmt":"2024-10-08T07:36:11","slug":"prestations","status":"publish","type":"page","link":"https:\/\/vibrationkundaliniyoga.fr\/eng\/prestations\/","title":{"rendered":"Prestations"},"content":{"rendered":"<h1 class=\"wp-block-heading has-text-align-center has-text-color\" id=\"cours-tarifs\" style=\"color:#ca4e07\"> COURSES &amp; PRICES<\/h1>\n\n\n\n<div style=\"height:30px\" aria-hidden=\"true\" class=\"wp-block-spacer\"><\/div>\n\n\n<div class=\"wp-block-image\">\n<figure class=\"aligncenter size-large\"><img data-recalc-dims=\"1\" loading=\"lazy\" decoding=\"async\" width=\"512\" height=\"384\" src=\"https:\/\/i0.wp.com\/vibrationkundaliniyoga.fr\/wp-content\/uploads\/2021\/04\/Meditation_Gong_512x384.jpg?resize=512%2C384&#038;ssl=1\" alt=\"\" class=\"wp-image-121\" srcset=\"https:\/\/i0.wp.com\/vibrationkundaliniyoga.fr\/wp-content\/uploads\/2021\/04\/Meditation_Gong_512x384.jpg?w=512&amp;ssl=1 512w, https:\/\/i0.wp.com\/vibrationkundaliniyoga.fr\/wp-content\/uploads\/2021\/04\/Meditation_Gong_512x384.jpg?resize=300%2C225&amp;ssl=1 300w\" sizes=\"auto, (max-width: 512px) 100vw, 512px\" \/><\/figure>\n<\/div>\n\n\n<div style=\"height:25px\" aria-hidden=\"true\" class=\"wp-block-spacer\"><\/div>\n\n\n\n<p class=\"has-text-align-center has-black-color has-text-color has-medium-font-size\">I offer you different ways to practice, according to your desires:<\/p>\n\n\n\n<p class=\"has-text-align-center\">Les cartes sont <strong>non-remboursables<\/strong> et ont un p\u00e9riode de <strong>validit\u00e9 de 1 an <\/strong><\/p>\n\n\n\n<p class=\"has-text-align-center\">Tous cours ou prestation <strong>annul\u00e9.e.s moins de 24h avant est d\u00fb.e<\/strong><\/p>\n\n\n\n<div style=\"height:20px\" aria-hidden=\"true\" id=\"a_domicile\" class=\"wp-block-spacer\"><\/div>\n\n\n\n<hr class=\"wp-block-separator has-text-color has-css-opacity has-background is-style-wide\" style=\"background-color:#696969;color:#696969\"\/>\n\n\n\n<div style=\"height:15px\" aria-hidden=\"true\" class=\"wp-block-spacer\"><\/div>\n\n\n\n<div class=\"wp-block-columns is-layout-flex wp-container-core-columns-is-layout-9d6595d7 wp-block-columns-is-layout-flex\">\n<div class=\"wp-block-column is-layout-flow wp-block-column-is-layout-flow\" style=\"flex-basis:60%\">\n<h2 class=\"wp-block-heading has-text-align-center has-text-color\" id=\"cours-gong-a-domicile\" style=\"color:#ca4e07\">COURS, GONG &amp; SEANCE ENERGETIQUE A DOMICILE<\/h2>\n\n\n\n<p style=\"font-size:18px\">I come to you for individual or group lessons.<\/p>\n\n\n\n<p style=\"font-size:18px\">In your garden, in your living room or in your yoga room. For a special occasion or a regular session, the intimate atmosphere will be conducive to a deep &amp; subtle experience.<\/p>\n\n\n\n<p style=\"font-size:18px\">The final relaxation of the KY classes can be played with Gong.<\/p>\n\n\n\n<p>Les cartes sont illimit\u00e9es en temps et non-remboursables<\/p>\n<\/div>\n\n\n\n<div class=\"wp-block-column is-layout-flow wp-block-column-is-layout-flow\">\n<h4 class=\"wp-block-heading has-text-color\" id=\"tarifs\" style=\"color:#3d3d3d\"><em>PRICES<\/em> <\/h4>\n\n\n\n<ul style=\"color:#3d3d3d\" class=\"wp-block-list has-text-color\">\n<li><em>Individual lesson \u2013 Single: 80\u20ac<\/em><\/li>\n\n\n\n<li><em>Individual lesson \u2013 Card of 10 lessons: 720\u20ac<\/em><\/li>\n<\/ul>\n\n\n\n<ul style=\"color:#3d3d3d\" class=\"wp-block-list has-text-color\">\n<li><em>Group lesson \u2013 Individually: 20\u20ac<\/em><\/li>\n\n\n\n<li><em>Group lesson \u2013 Card of 10 lessons: \u20ac170<\/em><\/li>\n<\/ul>\n\n\n\n<ul style=\"color:#3d3d3d\" class=\"wp-block-list has-text-color\">\n<li>S\u00e9ance \u00e9nerg\u00e9tique\/coaching spirituel 1h : 80\u20ac<\/li>\n<\/ul>\n\n\n\n<ul style=\"color:#3d3d3d\" class=\"wp-block-list has-text-color\">\n<li><em>Bain de Gong individuel &#8211; 1h : 80\u20ac<\/em><\/li>\n\n\n\n<li><em>Bain de Gong Duo &#8211; 1h : 120\u20ac<\/em><\/li>\n\n\n\n<li><em>Collective Gong bath \u2013 1h (4pers. mini): 25\u20ac<\/em>) <em>: 30\u20ac<\/em><\/li>\n<\/ul>\n<\/div>\n<\/div>\n\n\n\n<div style=\"height:15px\" aria-hidden=\"true\" id=\"a_distance\" class=\"wp-block-spacer\"><\/div>\n\n\n\n<hr class=\"wp-block-separator has-text-color has-css-opacity has-background is-style-wide\" style=\"background-color:#696969;color:#696969\"\/>\n\n\n\n<div style=\"height:15px\" aria-hidden=\"true\" class=\"wp-block-spacer\"><\/div>\n\n\n\n<div class=\"wp-block-columns is-layout-flex wp-container-core-columns-is-layout-9d6595d7 wp-block-columns-is-layout-flex\">\n<div class=\"wp-block-column is-layout-flow wp-block-column-is-layout-flow\" style=\"flex-basis:60%\">\n<h2 class=\"wp-block-heading has-text-color\" id=\"cours-a-distance\" style=\"color:#ca4e07\">COURS ET ACCOMPAGNEMENT SPIRITUEL A DISTANCE<\/h2>\n\n\n\n<p style=\"font-size:18px\">Do you lack time? Is the studio far from your home? Is it too complicated to move?<\/p>\n\n\n\n<p style=\"font-size:18px\">Invite Kundalini Yoga into your home! Live or replay!<\/p>\n\n\n\n<p style=\"font-size:18px\">Besoin de soutien sur votre chemin d&rsquo;\u00e9panouissement ?<\/p>\n<\/div>\n\n\n\n<div class=\"wp-block-column is-layout-flow wp-block-column-is-layout-flow\">\n<h4 class=\"wp-block-heading has-text-color\" id=\"tarifs\" style=\"color:#3d3d3d\"><em>PRICES<\/em> <\/h4>\n\n\n\n<ul style=\"color:#3d3d3d\" class=\"wp-block-list has-text-color\">\n<li><em>Individual lesson \u2013 Single: 45\u20ac<\/em><\/li>\n\n\n\n<li><em>Individual lesson \u2013 Card of 10 lessons: 400\u20ac<\/em><\/li>\n<\/ul>\n\n\n\n<ul style=\"color:#3d3d3d\" class=\"wp-block-list has-text-color\">\n<li><em>S\u00e9ance accompagnement spirituel 1h\u00a0: 80\u20ac<\/em><\/li>\n<\/ul>\n\n\n\n<ul style=\"color:#3d3d3d\" class=\"wp-block-list has-text-color\"><\/ul>\n<\/div>\n<\/div>\n\n\n\n<div style=\"height:15px\" aria-hidden=\"true\" id=\"au_studio\" class=\"wp-block-spacer\"><\/div>\n\n\n\n<hr class=\"wp-block-separator has-text-color has-css-opacity has-background is-style-wide\" style=\"background-color:#696969;color:#696969\"\/>\n\n\n\n<div style=\"height:15px\" aria-hidden=\"true\" class=\"wp-block-spacer\"><\/div>\n\n\n\n<div class=\"wp-block-columns is-layout-flex wp-container-core-columns-is-layout-9d6595d7 wp-block-columns-is-layout-flex\">\n<div class=\"wp-block-column is-layout-flow wp-block-column-is-layout-flow\" style=\"flex-basis:60%\">\n<h2 class=\"wp-block-heading has-text-color\" id=\"cours-gong-au-studio\" style=\"color:#ca4e07\">BAIN SONORE &amp; GONG AU STUDIO<\/h2>\n\n\n\n<p style=\"font-size:18px\">Appointment :<\/p>\n\n\n\n<p><\/p>\n\n\n\n<p><\/p>\n\n\n\n<p style=\"font-size:18px\">Les cartes sont <strong>non-remboursables <\/strong>et ont une dur\u00e9e de validit\u00e9 de <strong>1 an<\/strong> <\/p>\n\n\n\n<p><strong>Tous cours annul\u00e9 moins de 24h avant est d\u00fb <\/strong><\/p>\n<\/div>\n\n\n\n<div class=\"wp-block-column is-layout-flow wp-block-column-is-layout-flow\">\n<h4 class=\"wp-block-heading has-text-color\" id=\"tarifs\" style=\"color:#3d3d3d\"><em>PRICES<\/em> <\/h4>\n\n\n\n<ul style=\"color:#3d3d3d\" class=\"wp-block-list has-text-color\"><\/ul>\n\n\n\n<ul style=\"color:#3d3d3d\" class=\"wp-block-list has-text-color\">\n<li><em>Bain de Gong :<\/em> me contacter<\/li>\n<\/ul>\n<\/div>\n<\/div>\n\n\n\n<div style=\"height:15px\" aria-hidden=\"true\" id=\"nature\" class=\"wp-block-spacer\"><\/div>\n\n\n\n<hr class=\"wp-block-separator has-text-color has-css-opacity has-background is-style-wide\" style=\"background-color:#696969;color:#696969\"\/>\n\n\n\n<div style=\"height:15px\" aria-hidden=\"true\" class=\"wp-block-spacer\"><\/div>\n\n\n\n<div class=\"wp-block-columns is-layout-flex wp-container-core-columns-is-layout-9d6595d7 wp-block-columns-is-layout-flex\">\n<div class=\"wp-block-column is-layout-flow wp-block-column-is-layout-flow\" style=\"flex-basis:60%\">\n<h2 class=\"wp-block-heading has-text-color\" id=\"cours-gong-dans-la-nature\" style=\"color:#ca4e07\">LESSONS &amp; GONG IN NATURE<\/h2>\n\n\n\n<p style=\"font-size:18px\">Kundalini Yoga &amp; Mountain<\/p>\n\n\n\n<p style=\"font-size:18px\">Kundalini Yoga is practiced wonderfully in the elements and I want to allow everyone to live this amplified experience.<\/p>\n\n\n\n<p style=\"font-size:18px\">Un espace de contemplation, une connexion profonde pour go\u00fbter sa propre nature.<\/p>\n<\/div>\n\n\n\n<div class=\"wp-block-column is-layout-flow wp-block-column-is-layout-flow\">\n<p style=\"font-size:17px\"><em><a href=\"https:\/\/vibrationkundaliniyoga.fr\/eng\/newsletter\/\" target=\"_blank\" rel=\"noreferrer noopener\">Subscribe to the newsletter to receive the schedule of outings<\/a><\/em><\/p>\n\n\n\n<p style=\"font-size:17px\"><em><a href=\"https:\/\/vibrationkundaliniyoga.fr\/eng\/programme\/\">See seasonal practices<\/a><\/em><\/p>\n<\/div>\n<\/div>\n\n\n\n<div style=\"height:15px\" aria-hidden=\"true\" class=\"wp-block-spacer\"><\/div>\n\n\n\n<hr class=\"wp-block-separator has-text-color has-css-opacity has-background is-style-wide\" style=\"background-color:#696969;color:#696969\"\/>\n\n\n\n<div style=\"height:40px\" aria-hidden=\"true\" class=\"wp-block-spacer\"><\/div>\n\n\n\n<div class=\"wp-block-uagb-buttons uagb-buttons__outer-wrap uagb-btn__default-btn uagb-btn-tablet__default-btn uagb-btn-mobile__default-btn uagb-block-4dda9591\"><div class=\"uagb-buttons__wrap uagb-buttons-layout-wrap\">\n<div class=\"wp-block-uagb-buttons-child uagb-buttons__outer-wrap uagb-block-3b25c546 wp-block-button\"><div class=\"uagb-button__wrapper\"><a class=\"uagb-buttons-repeater wp-block-button__link\" aria-label=\"\" href=\"https:\/\/vibrationkundaliniyoga.fr\/eng\/contact\/\" rel=\"follow noopener\" target=\"_self\" role=\"button\"><div class=\"uagb-button__link\">Contact me for any information<\/div><\/a><\/div><\/div>\n<\/div><\/div>","protected":false},"excerpt":{"rendered":"<p>COURS &amp; TARIFS Je vous propose diff\u00e9rentes mani\u00e8res de pratiquer, selon vos envies : Les cartes sont non-remboursables et ont un p\u00e9riode de validit\u00e9 de 1 an Tous cours ou prestation annul\u00e9.e.s moins de 24h avant est d\u00fb.e COURS, GONG &amp; SEANCE ENERGETIQUE A DOMICILE Je me d\u00e9place chez vous pour des cours individuels ou &hellip; <\/p>\n<p class=\"link-more\"><a href=\"https:\/\/vibrationkundaliniyoga.fr\/eng\/prestations\/\" class=\"more-link\">Continue reading<span class=\"screen-reader-text\"> \u00ab\u00a0Prestations\u00a0\u00bb<\/span><\/a><\/p>","protected":false},"author":1,"featured_media":0,"parent":0,"menu_order":0,"comment_status":"closed","ping_status":"closed","template":"","meta":{"_uag_custom_page_level_css":"","footnotes":""},"class_list":["post-65","page","type-page","status-publish","hentry"],"yoast_head":"<!-- This site is optimized with the Yoast SEO plugin v27.3 - https:\/\/yoast.com\/product\/yoast-seo-wordpress\/ -->\n<title>Prestations &#8902; Vibration Kundalini Yoga<\/title>\n<meta name=\"description\" content=\"Je vous propose diff\u00e9rentes mani\u00e8res de pratiquer, selon vos envies.\" \/>\n<meta name=\"robots\" content=\"index, follow, max-snippet:-1, max-image-preview:large, max-video-preview:-1\" \/>\n<link rel=\"canonical\" href=\"https:\/\/vibrationkundaliniyoga.fr\/eng\/prestations\/\" \/>\n<meta property=\"og:locale\" content=\"en_GB\" \/>\n<meta property=\"og:type\" content=\"article\" \/>\n<meta property=\"og:title\" content=\"Prestations &#8902; Vibration Kundalini Yoga\" \/>\n<meta property=\"og:description\" content=\"Je vous propose diff\u00e9rentes mani\u00e8res de pratiquer, selon vos envies.\" \/>\n<meta property=\"og:url\" content=\"https:\/\/vibrationkundaliniyoga.fr\/eng\/prestations\/\" \/>\n<meta property=\"og:site_name\" content=\"Vibration Kundalini Yoga\" \/>\n<meta property=\"article:modified_time\" content=\"2024-10-08T07:36:11+00:00\" \/>\n<meta property=\"og:image\" content=\"https:\/\/vibrationkundaliniyoga.fr\/wp-content\/uploads\/2021\/04\/Meditation_Gong_512x384.jpg\" \/>\n<meta name=\"twitter:card\" content=\"summary_large_image\" \/>\n<meta name=\"twitter:label1\" content=\"Estimated reading time\" \/>\n\t<meta name=\"twitter:data1\" content=\"2 minutes\" \/>\n<script type=\"application\/ld+json\" class=\"yoast-schema-graph\">{\"@context\":\"https:\\\/\\\/schema.org\",\"@graph\":[{\"@type\":\"WebPage\",\"@id\":\"https:\\\/\\\/vibrationkundaliniyoga.fr\\\/prestations\\\/\",\"url\":\"https:\\\/\\\/vibrationkundaliniyoga.fr\\\/prestations\\\/\",\"name\":\"Prestations &#8902; Vibration Kundalini Yoga\",\"isPartOf\":{\"@id\":\"https:\\\/\\\/vibrationkundaliniyoga.fr\\\/#website\"},\"primaryImageOfPage\":{\"@id\":\"https:\\\/\\\/vibrationkundaliniyoga.fr\\\/prestations\\\/#primaryimage\"},\"image\":{\"@id\":\"https:\\\/\\\/vibrationkundaliniyoga.fr\\\/prestations\\\/#primaryimage\"},\"thumbnailUrl\":\"https:\\\/\\\/vibrationkundaliniyoga.fr\\\/wp-content\\\/uploads\\\/2021\\\/04\\\/Meditation_Gong_512x384.jpg\",\"datePublished\":\"2021-04-24T10:53:13+00:00\",\"dateModified\":\"2024-10-08T07:36:11+00:00\",\"description\":\"Je vous propose diff\u00e9rentes mani\u00e8res de pratiquer, selon vos envies.\",\"breadcrumb\":{\"@id\":\"https:\\\/\\\/vibrationkundaliniyoga.fr\\\/prestations\\\/#breadcrumb\"},\"inLanguage\":\"en-GB\",\"potentialAction\":[{\"@type\":\"ReadAction\",\"target\":[\"https:\\\/\\\/vibrationkundaliniyoga.fr\\\/prestations\\\/\"]}]},{\"@type\":\"ImageObject\",\"inLanguage\":\"en-GB\",\"@id\":\"https:\\\/\\\/vibrationkundaliniyoga.fr\\\/prestations\\\/#primaryimage\",\"url\":\"https:\\\/\\\/vibrationkundaliniyoga.fr\\\/wp-content\\\/uploads\\\/2021\\\/04\\\/Meditation_Gong_512x384.jpg\",\"contentUrl\":\"https:\\\/\\\/vibrationkundaliniyoga.fr\\\/wp-content\\\/uploads\\\/2021\\\/04\\\/Meditation_Gong_512x384.jpg\"},{\"@type\":\"BreadcrumbList\",\"@id\":\"https:\\\/\\\/vibrationkundaliniyoga.fr\\\/prestations\\\/#breadcrumb\",\"itemListElement\":[{\"@type\":\"ListItem\",\"position\":1,\"name\":\"Accueil\",\"item\":\"https:\\\/\\\/vibrationkundaliniyoga.fr\\\/\"},{\"@type\":\"ListItem\",\"position\":2,\"name\":\"Prestations\"}]},{\"@type\":\"WebSite\",\"@id\":\"https:\\\/\\\/vibrationkundaliniyoga.fr\\\/#website\",\"url\":\"https:\\\/\\\/vibrationkundaliniyoga.fr\\\/\",\"name\":\"Vibration Kundalini Yoga\",\"description\":\"Gong &amp; Yoga Kundalini - Entre Gen\u00e8ve &amp; Annecy\",\"publisher\":{\"@id\":\"https:\\\/\\\/vibrationkundaliniyoga.fr\\\/#\\\/schema\\\/person\\\/017c4704e47030a259b55f4cdc5b3ae7\"},\"potentialAction\":[{\"@type\":\"SearchAction\",\"target\":{\"@type\":\"EntryPoint\",\"urlTemplate\":\"https:\\\/\\\/vibrationkundaliniyoga.fr\\\/?s={search_term_string}\"},\"query-input\":{\"@type\":\"PropertyValueSpecification\",\"valueRequired\":true,\"valueName\":\"search_term_string\"}}],\"inLanguage\":\"en-GB\"},{\"@type\":[\"Person\",\"Organization\"],\"@id\":\"https:\\\/\\\/vibrationkundaliniyoga.fr\\\/#\\\/schema\\\/person\\\/017c4704e47030a259b55f4cdc5b3ae7\",\"name\":\"Maximilien\",\"image\":{\"@type\":\"ImageObject\",\"inLanguage\":\"en-GB\",\"@id\":\"https:\\\/\\\/secure.gravatar.com\\\/avatar\\\/9f910fa0c4b06fce7f5e4d5a378b1c2091edaa817a741638e2b4c4e793d93a67?s=96&d=mm&r=g\",\"url\":\"https:\\\/\\\/secure.gravatar.com\\\/avatar\\\/9f910fa0c4b06fce7f5e4d5a378b1c2091edaa817a741638e2b4c4e793d93a67?s=96&d=mm&r=g\",\"contentUrl\":\"https:\\\/\\\/secure.gravatar.com\\\/avatar\\\/9f910fa0c4b06fce7f5e4d5a378b1c2091edaa817a741638e2b4c4e793d93a67?s=96&d=mm&r=g\",\"caption\":\"Maximilien\"},\"logo\":{\"@id\":\"https:\\\/\\\/secure.gravatar.com\\\/avatar\\\/9f910fa0c4b06fce7f5e4d5a378b1c2091edaa817a741638e2b4c4e793d93a67?s=96&d=mm&r=g\"},\"sameAs\":[\"https:\\\/\\\/vibrationkundaliniyoga.fr\"]}]}<\/script>\n<!-- \/ Yoast SEO plugin. -->","yoast_head_json":{"title":"Prestations &#8902; Vibration Kundalini Yoga","description":"Je vous propose diff\u00e9rentes mani\u00e8res de pratiquer, selon vos envies.","robots":{"index":"index","follow":"follow","max-snippet":"max-snippet:-1","max-image-preview":"max-image-preview:large","max-video-preview":"max-video-preview:-1"},"canonical":"https:\/\/vibrationkundaliniyoga.fr\/eng\/prestations\/","og_locale":"en_GB","og_type":"article","og_title":"Prestations &#8902; Vibration Kundalini Yoga","og_description":"Je vous propose diff\u00e9rentes mani\u00e8res de pratiquer, selon vos envies.","og_url":"https:\/\/vibrationkundaliniyoga.fr\/eng\/prestations\/","og_site_name":"Vibration Kundalini Yoga","article_modified_time":"2024-10-08T07:36:11+00:00","og_image":[{"url":"https:\/\/vibrationkundaliniyoga.fr\/wp-content\/uploads\/2021\/04\/Meditation_Gong_512x384.jpg","type":"","width":"","height":""}],"twitter_card":"summary_large_image","twitter_misc":{"Estimated reading time":"2 minutes"},"schema":{"@context":"https:\/\/schema.org","@graph":[{"@type":"WebPage","@id":"https:\/\/vibrationkundaliniyoga.fr\/prestations\/","url":"https:\/\/vibrationkundaliniyoga.fr\/prestations\/","name":"Prestations &#8902; Vibration Kundalini Yoga","isPartOf":{"@id":"https:\/\/vibrationkundaliniyoga.fr\/#website"},"primaryImageOfPage":{"@id":"https:\/\/vibrationkundaliniyoga.fr\/prestations\/#primaryimage"},"image":{"@id":"https:\/\/vibrationkundaliniyoga.fr\/prestations\/#primaryimage"},"thumbnailUrl":"https:\/\/vibrationkundaliniyoga.fr\/wp-content\/uploads\/2021\/04\/Meditation_Gong_512x384.jpg","datePublished":"2021-04-24T10:53:13+00:00","dateModified":"2024-10-08T07:36:11+00:00","description":"Je vous propose diff\u00e9rentes mani\u00e8res de pratiquer, selon vos envies.","breadcrumb":{"@id":"https:\/\/vibrationkundaliniyoga.fr\/prestations\/#breadcrumb"},"inLanguage":"en-GB","potentialAction":[{"@type":"ReadAction","target":["https:\/\/vibrationkundaliniyoga.fr\/prestations\/"]}]},{"@type":"ImageObject","inLanguage":"en-GB","@id":"https:\/\/vibrationkundaliniyoga.fr\/prestations\/#primaryimage","url":"https:\/\/vibrationkundaliniyoga.fr\/wp-content\/uploads\/2021\/04\/Meditation_Gong_512x384.jpg","contentUrl":"https:\/\/vibrationkundaliniyoga.fr\/wp-content\/uploads\/2021\/04\/Meditation_Gong_512x384.jpg"},{"@type":"BreadcrumbList","@id":"https:\/\/vibrationkundaliniyoga.fr\/prestations\/#breadcrumb","itemListElement":[{"@type":"ListItem","position":1,"name":"Accueil","item":"https:\/\/vibrationkundaliniyoga.fr\/"},{"@type":"ListItem","position":2,"name":"Prestations"}]},{"@type":"WebSite","@id":"https:\/\/vibrationkundaliniyoga.fr\/#website","url":"https:\/\/vibrationkundaliniyoga.fr\/","name":"Vibration Kundalini Yoga","description":"Gong &amp; Yoga Kundalini - Entre Gen\u00e8ve &amp; Annecy","publisher":{"@id":"https:\/\/vibrationkundaliniyoga.fr\/#\/schema\/person\/017c4704e47030a259b55f4cdc5b3ae7"},"potentialAction":[{"@type":"SearchAction","target":{"@type":"EntryPoint","urlTemplate":"https:\/\/vibrationkundaliniyoga.fr\/?s={search_term_string}"},"query-input":{"@type":"PropertyValueSpecification","valueRequired":true,"valueName":"search_term_string"}}],"inLanguage":"en-GB"},{"@type":["Person","Organization"],"@id":"https:\/\/vibrationkundaliniyoga.fr\/#\/schema\/person\/017c4704e47030a259b55f4cdc5b3ae7","name":"Maximilien","image":{"@type":"ImageObject","inLanguage":"en-GB","@id":"https:\/\/secure.gravatar.com\/avatar\/9f910fa0c4b06fce7f5e4d5a378b1c2091edaa817a741638e2b4c4e793d93a67?s=96&d=mm&r=g","url":"https:\/\/secure.gravatar.com\/avatar\/9f910fa0c4b06fce7f5e4d5a378b1c2091edaa817a741638e2b4c4e793d93a67?s=96&d=mm&r=g","contentUrl":"https:\/\/secure.gravatar.com\/avatar\/9f910fa0c4b06fce7f5e4d5a378b1c2091edaa817a741638e2b4c4e793d93a67?s=96&d=mm&r=g","caption":"Maximilien"},"logo":{"@id":"https:\/\/secure.gravatar.com\/avatar\/9f910fa0c4b06fce7f5e4d5a378b1c2091edaa817a741638e2b4c4e793d93a67?s=96&d=mm&r=g"},"sameAs":["https:\/\/vibrationkundaliniyoga.fr"]}]}},"uagb_featured_image_src":{"full":false,"thumbnail":false,"medium":false,"medium_large":false,"large":false,"1536x1536":false,"2048x2048":false,"trp-custom-language-flag":false,"twentyseventeen-featured-image":false,"twentyseventeen-thumbnail-avatar":false},"uagb_author_info":{"display_name":"Maximilien","author_link":"https:\/\/vibrationkundaliniyoga.fr\/eng\/author\/admin5225\/"},"uagb_comment_info":0,"uagb_excerpt":"COURS &amp; TARIFS Je vous propose diff\u00e9rentes mani\u00e8res de pratiquer, selon vos envies : Les cartes sont non-remboursables et ont un p\u00e9riode de validit\u00e9 de 1 an Tous cours ou prestation annul\u00e9.e.s moins de 24h avant est d\u00fb.e COURS, GONG &amp; SEANCE ENERGETIQUE A DOMICILE Je me d\u00e9place chez vous pour des cours individuels ou&hellip;","jetpack_sharing_enabled":false,"_links":{"self":[{"href":"https:\/\/vibrationkundaliniyoga.fr\/eng\/wp-json\/wp\/v2\/pages\/65","targetHints":{"allow":["GET"]}}],"collection":[{"href":"https:\/\/vibrationkundaliniyoga.fr\/eng\/wp-json\/wp\/v2\/pages"}],"about":[{"href":"https:\/\/vibrationkundaliniyoga.fr\/eng\/wp-json\/wp\/v2\/types\/page"}],"author":[{"embeddable":true,"href":"https:\/\/vibrationkundaliniyoga.fr\/eng\/wp-json\/wp\/v2\/users\/1"}],"replies":[{"embeddable":true,"href":"https:\/\/vibrationkundaliniyoga.fr\/eng\/wp-json\/wp\/v2\/comments?post=65"}],"version-history":[{"count":91,"href":"https:\/\/vibrationkundaliniyoga.fr\/eng\/wp-json\/wp\/v2\/pages\/65\/revisions"}],"predecessor-version":[{"id":3143,"href":"https:\/\/vibrationkundaliniyoga.fr\/eng\/wp-json\/wp\/v2\/pages\/65\/revisions\/3143"}],"wp:attachment":[{"href":"https:\/\/vibrationkundaliniyoga.fr\/eng\/wp-json\/wp\/v2\/media?parent=65"}],"curies":[{"name":"wp","href":"https:\/\/api.w.org\/{rel}","templated":true}]}}