{"id":60,"date":"2021-04-23T17:49:13","date_gmt":"2021-04-23T15:49:13","guid":{"rendered":"https:\/\/vibrationkundaliniyoga.fr\/?page_id=60"},"modified":"2023-04-28T12:17:25","modified_gmt":"2023-04-28T10:17:25","slug":"deroulement-dun-cours","status":"publish","type":"page","link":"https:\/\/vibrationkundaliniyoga.fr\/eng\/deroulement-dun-cours\/","title":{"rendered":"Progress of a course"},"content":{"rendered":"<h1 class=\"wp-block-heading has-text-align-center has-text-color\" style=\"color:#ca4e07\">DURING A CLASS<\/h1>\n\n\n\n<div style=\"height:30px\" aria-hidden=\"true\" class=\"wp-block-spacer\"><\/div>\n\n\n<div class=\"wp-block-image\">\n<figure class=\"aligncenter size-full\"><img data-recalc-dims=\"1\" loading=\"lazy\" decoding=\"async\" width=\"512\" height=\"384\" src=\"https:\/\/i0.wp.com\/vibrationkundaliniyoga.fr\/wp-content\/uploads\/2023\/04\/Praz-dZeures.jpg?resize=512%2C384&#038;ssl=1\" alt=\"\" class=\"wp-image-1654\" srcset=\"https:\/\/i0.wp.com\/vibrationkundaliniyoga.fr\/wp-content\/uploads\/2023\/04\/Praz-dZeures.jpg?w=512&amp;ssl=1 512w, https:\/\/i0.wp.com\/vibrationkundaliniyoga.fr\/wp-content\/uploads\/2023\/04\/Praz-dZeures.jpg?resize=300%2C225&amp;ssl=1 300w, https:\/\/i0.wp.com\/vibrationkundaliniyoga.fr\/wp-content\/uploads\/2023\/04\/Praz-dZeures.jpg?resize=16%2C12&amp;ssl=1 16w\" sizes=\"auto, (max-width: 512px) 100vw, 512px\" \/><\/figure>\n<\/div>\n\n\n<div style=\"height:25px\" aria-hidden=\"true\" class=\"wp-block-spacer\"><\/div>\n\n\n\n<p class=\"has-medium-font-size\">We start by opening the practice space by chanting a mantra to connect: to Self, to the group and to activate its primordial vibration.<\/p>\n\n\n\n<p class=\"has-medium-font-size\">This creates a climate of kindness and tolerance where everyone can practice and (re)discover themselves in complete confidence.\nNo need to know how to sing. When the vibration comes from the heart, it always rings true.<br>Nul besoin de savoir chanter. Quand la vibration vient du c\u0153ur, cela sonne toujours juste.<\/p>\n\n\n\n<p class=\"has-medium-font-size\">The sounds emitted by the voice create a vibration at the core of our being, at the physical, emotional and energetic levels.<br>It is Naad-Yoga, the yoga of sound.<\/p>\n\n\n\n<p class=\"has-medium-font-size\">It allows to work in depth and has a positive effect on our nervous and glandular system. It brings both inner appeasement, renewed energy and self-esteem.<\/p>\n\n\n\n<p class=\"has-medium-font-size\">Then we practice a kriya chosen according to the energy of the season: each season corresponds to an element, a chakra, organs, emotions, to learn to fluidify or a character to strengthen.<\/p>\n\n\n\n<p class=\"has-medium-font-size\">A kriya is a sequence of movements synchronized with specific breaths.\nThis detoxifies the body by circulating Prana, vitality.<br>Cela permet de d\u00e9toxifier l\u2019organisme en faisant circuler le Prana, la vitalit\u00e9.<\/p>\n\n\n\n<p class=\"has-medium-font-size\">By the regularity and the repetition of the movements the flow is created. It soothes the mind, allows letting go. <br>Diving into this flow opens up new spaces of the inner world and their exploration.<\/p>\n\n\n\n<p class=\"has-medium-font-size\">The kriya prepares for meditation: It can be sung with a mantra (Laya Yoga), with specific breaths or particular postures or movements. Or sometimes all three.<\/p>\n\n\n\n<p class=\"has-medium-font-size\">Some open the heart, others channel the mind, others balance the cerebral hemispheres...<\/p>\n\n\n\n<p class=\"has-medium-font-size\">Practicing these meditations allows you to create an intimate link with yourself and to reveal peace &amp; love in yourself.<\/p>\n\n\n\n<p class=\"has-medium-font-size\">The class ends with a relaxation played on the gong. <\/p>\n\n\n\n<p class=\"has-medium-font-size\">It is a time of integration allowing the deep assimilation of the energy activated during the session.<\/p>\n\n\n\n<p class=\"has-medium-font-size\">We close the space by chanting a last short mantra and the class ends.<\/p>\n\n\n\n<p class=\"has-medium-font-size\">Sat Nam<\/p>\n\n\n\n<div style=\"height:25px\" aria-hidden=\"true\" class=\"wp-block-spacer\"><\/div>\n\n\n\n<div class=\"wp-block-uagb-buttons uagb-buttons__outer-wrap uagb-btn__default-btn uagb-btn-tablet__default-btn uagb-btn-mobile__default-btn uagb-block-3e41b757\"><div class=\"uagb-buttons__wrap uagb-buttons-layout-wrap\">\n<div class=\"wp-block-uagb-buttons-child uagb-buttons__outer-wrap uagb-block-dc52802d wp-block-button is-style-outline\"><div class=\"uagb-button__wrapper\"><a class=\"uagb-buttons-repeater wp-block-button__link has-background has-text-color\" href=\"https:\/\/vibrationkundaliniyoga.fr\/eng\/prestations\/\" onclick=\"return true;\" rel=\"follow noopener\" target=\"_self\"><div class=\"uagb-button__link\">See differents courses<\/div><\/a><\/div><\/div>\n<\/div><\/div>\n\n\n\n<p><\/p>","protected":false},"excerpt":{"rendered":"<p>D\u00c9ROULEMENT D&rsquo;UN COURS Nous commen\u00e7ons par ouvrir l\u2019espace de pratique par le chant d\u2019un mantra pour se connecter : \u00e0 Soi, au groupe et activer sa vibration primordiale. Ainsi se cr\u00e9e un climat de bienveillance et tol\u00e9rance o\u00f9 chacun peut pratiquer, se (re)d\u00e9couvrir en toute confiance.Nul besoin de savoir chanter. Quand la vibration vient du &hellip; <\/p>\n<p class=\"link-more\"><a href=\"https:\/\/vibrationkundaliniyoga.fr\/eng\/deroulement-dun-cours\/\" class=\"more-link\">Continue reading<span class=\"screen-reader-text\"> \u00ab\u00a0D\u00e9roulement d&rsquo;un cours\u00a0\u00bb<\/span><\/a><\/p>","protected":false},"author":1,"featured_media":0,"parent":0,"menu_order":0,"comment_status":"closed","ping_status":"closed","template":"","meta":{"_uag_custom_page_level_css":"","footnotes":""},"class_list":["post-60","page","type-page","status-publish","hentry"],"yoast_head":"<!-- This site is optimized with the Yoast SEO plugin v27.3 - https:\/\/yoast.com\/product\/yoast-seo-wordpress\/ -->\n<title>D\u00e9roulement d&#039;un cours &#8902; Vibration Kundalini Yoga<\/title>\n<meta name=\"description\" content=\"Nous commen\u00e7ons par ouvrir l\u2019espace de pratique par le chant d\u2019un mantra pour se connecter : \u00e0 Soi, au groupe et activer sa vibration primordiale.\" \/>\n<meta name=\"robots\" content=\"index, follow, max-snippet:-1, max-image-preview:large, max-video-preview:-1\" \/>\n<link rel=\"canonical\" href=\"https:\/\/vibrationkundaliniyoga.fr\/eng\/deroulement-dun-cours\/\" \/>\n<meta property=\"og:locale\" content=\"en_GB\" \/>\n<meta property=\"og:type\" content=\"article\" \/>\n<meta property=\"og:title\" content=\"D\u00e9roulement d&#039;un cours &#8902; Vibration Kundalini Yoga\" \/>\n<meta property=\"og:description\" content=\"Nous commen\u00e7ons par ouvrir l\u2019espace de pratique par le chant d\u2019un mantra pour se connecter : \u00e0 Soi, au groupe et activer sa vibration primordiale.\" \/>\n<meta property=\"og:url\" content=\"https:\/\/vibrationkundaliniyoga.fr\/eng\/deroulement-dun-cours\/\" \/>\n<meta property=\"og:site_name\" content=\"Vibration Kundalini Yoga\" \/>\n<meta property=\"article:modified_time\" content=\"2023-04-28T10:17:25+00:00\" \/>\n<meta property=\"og:image\" content=\"https:\/\/vibrationkundaliniyoga.fr\/wp-content\/uploads\/2023\/04\/Praz-dZeures.jpg\" \/>\n<meta name=\"twitter:card\" content=\"summary_large_image\" \/>\n<meta name=\"twitter:label1\" content=\"Estimated reading time\" \/>\n\t<meta name=\"twitter:data1\" content=\"2 minutes\" \/>\n<script type=\"application\/ld+json\" class=\"yoast-schema-graph\">{\"@context\":\"https:\\\/\\\/schema.org\",\"@graph\":[{\"@type\":\"WebPage\",\"@id\":\"https:\\\/\\\/vibrationkundaliniyoga.fr\\\/deroulement-dun-cours\\\/\",\"url\":\"https:\\\/\\\/vibrationkundaliniyoga.fr\\\/deroulement-dun-cours\\\/\",\"name\":\"D\u00e9roulement d'un cours &#8902; Vibration Kundalini Yoga\",\"isPartOf\":{\"@id\":\"https:\\\/\\\/vibrationkundaliniyoga.fr\\\/#website\"},\"primaryImageOfPage\":{\"@id\":\"https:\\\/\\\/vibrationkundaliniyoga.fr\\\/deroulement-dun-cours\\\/#primaryimage\"},\"image\":{\"@id\":\"https:\\\/\\\/vibrationkundaliniyoga.fr\\\/deroulement-dun-cours\\\/#primaryimage\"},\"thumbnailUrl\":\"https:\\\/\\\/vibrationkundaliniyoga.fr\\\/wp-content\\\/uploads\\\/2023\\\/04\\\/Praz-dZeures.jpg\",\"datePublished\":\"2021-04-23T15:49:13+00:00\",\"dateModified\":\"2023-04-28T10:17:25+00:00\",\"description\":\"Nous commen\u00e7ons par ouvrir l\u2019espace de pratique par le chant d\u2019un mantra pour se connecter : \u00e0 Soi, au groupe et activer sa vibration primordiale.\",\"breadcrumb\":{\"@id\":\"https:\\\/\\\/vibrationkundaliniyoga.fr\\\/deroulement-dun-cours\\\/#breadcrumb\"},\"inLanguage\":\"en-GB\",\"potentialAction\":[{\"@type\":\"ReadAction\",\"target\":[\"https:\\\/\\\/vibrationkundaliniyoga.fr\\\/deroulement-dun-cours\\\/\"]}]},{\"@type\":\"ImageObject\",\"inLanguage\":\"en-GB\",\"@id\":\"https:\\\/\\\/vibrationkundaliniyoga.fr\\\/deroulement-dun-cours\\\/#primaryimage\",\"url\":\"https:\\\/\\\/vibrationkundaliniyoga.fr\\\/wp-content\\\/uploads\\\/2023\\\/04\\\/Praz-dZeures.jpg\",\"contentUrl\":\"https:\\\/\\\/vibrationkundaliniyoga.fr\\\/wp-content\\\/uploads\\\/2023\\\/04\\\/Praz-dZeures.jpg\"},{\"@type\":\"BreadcrumbList\",\"@id\":\"https:\\\/\\\/vibrationkundaliniyoga.fr\\\/deroulement-dun-cours\\\/#breadcrumb\",\"itemListElement\":[{\"@type\":\"ListItem\",\"position\":1,\"name\":\"Accueil\",\"item\":\"https:\\\/\\\/vibrationkundaliniyoga.fr\\\/\"},{\"@type\":\"ListItem\",\"position\":2,\"name\":\"D\u00e9roulement d&rsquo;un cours\"}]},{\"@type\":\"WebSite\",\"@id\":\"https:\\\/\\\/vibrationkundaliniyoga.fr\\\/#website\",\"url\":\"https:\\\/\\\/vibrationkundaliniyoga.fr\\\/\",\"name\":\"Vibration Kundalini Yoga\",\"description\":\"Gong &amp; Yoga Kundalini - Entre Gen\u00e8ve &amp; Annecy\",\"publisher\":{\"@id\":\"https:\\\/\\\/vibrationkundaliniyoga.fr\\\/#\\\/schema\\\/person\\\/017c4704e47030a259b55f4cdc5b3ae7\"},\"potentialAction\":[{\"@type\":\"SearchAction\",\"target\":{\"@type\":\"EntryPoint\",\"urlTemplate\":\"https:\\\/\\\/vibrationkundaliniyoga.fr\\\/?s={search_term_string}\"},\"query-input\":{\"@type\":\"PropertyValueSpecification\",\"valueRequired\":true,\"valueName\":\"search_term_string\"}}],\"inLanguage\":\"en-GB\"},{\"@type\":[\"Person\",\"Organization\"],\"@id\":\"https:\\\/\\\/vibrationkundaliniyoga.fr\\\/#\\\/schema\\\/person\\\/017c4704e47030a259b55f4cdc5b3ae7\",\"name\":\"Maximilien\",\"image\":{\"@type\":\"ImageObject\",\"inLanguage\":\"en-GB\",\"@id\":\"https:\\\/\\\/secure.gravatar.com\\\/avatar\\\/9f910fa0c4b06fce7f5e4d5a378b1c2091edaa817a741638e2b4c4e793d93a67?s=96&d=mm&r=g\",\"url\":\"https:\\\/\\\/secure.gravatar.com\\\/avatar\\\/9f910fa0c4b06fce7f5e4d5a378b1c2091edaa817a741638e2b4c4e793d93a67?s=96&d=mm&r=g\",\"contentUrl\":\"https:\\\/\\\/secure.gravatar.com\\\/avatar\\\/9f910fa0c4b06fce7f5e4d5a378b1c2091edaa817a741638e2b4c4e793d93a67?s=96&d=mm&r=g\",\"caption\":\"Maximilien\"},\"logo\":{\"@id\":\"https:\\\/\\\/secure.gravatar.com\\\/avatar\\\/9f910fa0c4b06fce7f5e4d5a378b1c2091edaa817a741638e2b4c4e793d93a67?s=96&d=mm&r=g\"},\"sameAs\":[\"https:\\\/\\\/vibrationkundaliniyoga.fr\"]}]}<\/script>\n<!-- \/ Yoast SEO plugin. -->","yoast_head_json":{"title":"D\u00e9roulement d'un cours &#8902; Vibration Kundalini Yoga","description":"We start by opening the practice space by chanting a mantra to connect: to Self, to the group and to activate its primordial vibration.","robots":{"index":"index","follow":"follow","max-snippet":"max-snippet:-1","max-image-preview":"max-image-preview:large","max-video-preview":"max-video-preview:-1"},"canonical":"https:\/\/vibrationkundaliniyoga.fr\/eng\/deroulement-dun-cours\/","og_locale":"en_GB","og_type":"article","og_title":"D\u00e9roulement d'un cours &#8902; Vibration Kundalini Yoga","og_description":"Nous commen\u00e7ons par ouvrir l\u2019espace de pratique par le chant d\u2019un mantra pour se connecter : \u00e0 Soi, au groupe et activer sa vibration primordiale.","og_url":"https:\/\/vibrationkundaliniyoga.fr\/eng\/deroulement-dun-cours\/","og_site_name":"Vibration Kundalini Yoga","article_modified_time":"2023-04-28T10:17:25+00:00","og_image":[{"url":"https:\/\/vibrationkundaliniyoga.fr\/wp-content\/uploads\/2023\/04\/Praz-dZeures.jpg","type":"","width":"","height":""}],"twitter_card":"summary_large_image","twitter_misc":{"Estimated reading time":"2 minutes"},"schema":{"@context":"https:\/\/schema.org","@graph":[{"@type":"WebPage","@id":"https:\/\/vibrationkundaliniyoga.fr\/deroulement-dun-cours\/","url":"https:\/\/vibrationkundaliniyoga.fr\/deroulement-dun-cours\/","name":"D\u00e9roulement d'un cours &#8902; Vibration Kundalini Yoga","isPartOf":{"@id":"https:\/\/vibrationkundaliniyoga.fr\/#website"},"primaryImageOfPage":{"@id":"https:\/\/vibrationkundaliniyoga.fr\/deroulement-dun-cours\/#primaryimage"},"image":{"@id":"https:\/\/vibrationkundaliniyoga.fr\/deroulement-dun-cours\/#primaryimage"},"thumbnailUrl":"https:\/\/vibrationkundaliniyoga.fr\/wp-content\/uploads\/2023\/04\/Praz-dZeures.jpg","datePublished":"2021-04-23T15:49:13+00:00","dateModified":"2023-04-28T10:17:25+00:00","description":"We start by opening the practice space by chanting a mantra to connect: to Self, to the group and to activate its primordial vibration.","breadcrumb":{"@id":"https:\/\/vibrationkundaliniyoga.fr\/deroulement-dun-cours\/#breadcrumb"},"inLanguage":"en-GB","potentialAction":[{"@type":"ReadAction","target":["https:\/\/vibrationkundaliniyoga.fr\/deroulement-dun-cours\/"]}]},{"@type":"ImageObject","inLanguage":"en-GB","@id":"https:\/\/vibrationkundaliniyoga.fr\/deroulement-dun-cours\/#primaryimage","url":"https:\/\/vibrationkundaliniyoga.fr\/wp-content\/uploads\/2023\/04\/Praz-dZeures.jpg","contentUrl":"https:\/\/vibrationkundaliniyoga.fr\/wp-content\/uploads\/2023\/04\/Praz-dZeures.jpg"},{"@type":"BreadcrumbList","@id":"https:\/\/vibrationkundaliniyoga.fr\/deroulement-dun-cours\/#breadcrumb","itemListElement":[{"@type":"ListItem","position":1,"name":"Accueil","item":"https:\/\/vibrationkundaliniyoga.fr\/"},{"@type":"ListItem","position":2,"name":"D\u00e9roulement d&rsquo;un cours"}]},{"@type":"WebSite","@id":"https:\/\/vibrationkundaliniyoga.fr\/#website","url":"https:\/\/vibrationkundaliniyoga.fr\/","name":"Vibration Kundalini Yoga","description":"Gong &amp; Yoga Kundalini - Entre Gen\u00e8ve &amp; Annecy","publisher":{"@id":"https:\/\/vibrationkundaliniyoga.fr\/#\/schema\/person\/017c4704e47030a259b55f4cdc5b3ae7"},"potentialAction":[{"@type":"SearchAction","target":{"@type":"EntryPoint","urlTemplate":"https:\/\/vibrationkundaliniyoga.fr\/?s={search_term_string}"},"query-input":{"@type":"PropertyValueSpecification","valueRequired":true,"valueName":"search_term_string"}}],"inLanguage":"en-GB"},{"@type":["Person","Organization"],"@id":"https:\/\/vibrationkundaliniyoga.fr\/#\/schema\/person\/017c4704e47030a259b55f4cdc5b3ae7","name":"Maximilien","image":{"@type":"ImageObject","inLanguage":"en-GB","@id":"https:\/\/secure.gravatar.com\/avatar\/9f910fa0c4b06fce7f5e4d5a378b1c2091edaa817a741638e2b4c4e793d93a67?s=96&d=mm&r=g","url":"https:\/\/secure.gravatar.com\/avatar\/9f910fa0c4b06fce7f5e4d5a378b1c2091edaa817a741638e2b4c4e793d93a67?s=96&d=mm&r=g","contentUrl":"https:\/\/secure.gravatar.com\/avatar\/9f910fa0c4b06fce7f5e4d5a378b1c2091edaa817a741638e2b4c4e793d93a67?s=96&d=mm&r=g","caption":"Maximilien"},"logo":{"@id":"https:\/\/secure.gravatar.com\/avatar\/9f910fa0c4b06fce7f5e4d5a378b1c2091edaa817a741638e2b4c4e793d93a67?s=96&d=mm&r=g"},"sameAs":["https:\/\/vibrationkundaliniyoga.fr"]}]}},"uagb_featured_image_src":{"full":false,"thumbnail":false,"medium":false,"medium_large":false,"large":false,"1536x1536":false,"2048x2048":false,"trp-custom-language-flag":false,"twentyseventeen-featured-image":false,"twentyseventeen-thumbnail-avatar":false},"uagb_author_info":{"display_name":"Maximilien","author_link":"https:\/\/vibrationkundaliniyoga.fr\/eng\/author\/admin5225\/"},"uagb_comment_info":0,"uagb_excerpt":"D\u00c9ROULEMENT D&rsquo;UN COURS Nous commen\u00e7ons par ouvrir l\u2019espace de pratique par le chant d\u2019un mantra pour se connecter : \u00e0 Soi, au groupe et activer sa vibration primordiale. Ainsi se cr\u00e9e un climat de bienveillance et tol\u00e9rance o\u00f9 chacun peut pratiquer, se (re)d\u00e9couvrir en toute confiance.Nul besoin de savoir chanter. Quand la vibration vient du&hellip;","jetpack_sharing_enabled":false,"_links":{"self":[{"href":"https:\/\/vibrationkundaliniyoga.fr\/eng\/wp-json\/wp\/v2\/pages\/60","targetHints":{"allow":["GET"]}}],"collection":[{"href":"https:\/\/vibrationkundaliniyoga.fr\/eng\/wp-json\/wp\/v2\/pages"}],"about":[{"href":"https:\/\/vibrationkundaliniyoga.fr\/eng\/wp-json\/wp\/v2\/types\/page"}],"author":[{"embeddable":true,"href":"https:\/\/vibrationkundaliniyoga.fr\/eng\/wp-json\/wp\/v2\/users\/1"}],"replies":[{"embeddable":true,"href":"https:\/\/vibrationkundaliniyoga.fr\/eng\/wp-json\/wp\/v2\/comments?post=60"}],"version-history":[{"count":18,"href":"https:\/\/vibrationkundaliniyoga.fr\/eng\/wp-json\/wp\/v2\/pages\/60\/revisions"}],"predecessor-version":[{"id":1698,"href":"https:\/\/vibrationkundaliniyoga.fr\/eng\/wp-json\/wp\/v2\/pages\/60\/revisions\/1698"}],"wp:attachment":[{"href":"https:\/\/vibrationkundaliniyoga.fr\/eng\/wp-json\/wp\/v2\/media?parent=60"}],"curies":[{"name":"wp","href":"https:\/\/api.w.org\/{rel}","templated":true}]}}