{"id":48,"date":"2021-04-23T17:39:13","date_gmt":"2021-04-23T15:39:13","guid":{"rendered":"https:\/\/vibrationkundaliniyoga.fr\/?page_id=48"},"modified":"2024-02-14T19:59:12","modified_gmt":"2024-02-14T18:59:12","slug":"kundalini-yoga","status":"publish","type":"page","link":"https:\/\/vibrationkundaliniyoga.fr\/eng\/kundalini-yoga\/","title":{"rendered":"Kundalini Yoga"},"content":{"rendered":"<h1 class=\"wp-block-heading has-text-align-center has-text-color\" style=\"color:#ca4e07\">THE KUNDALINI YOGA<\/h1>\n\n\n\n<div style=\"height:30px\" aria-hidden=\"true\" class=\"wp-block-spacer\"><\/div>\n\n\n<div class=\"wp-block-image\">\n<figure class=\"aligncenter size-large\"><img data-recalc-dims=\"1\" loading=\"lazy\" decoding=\"async\" width=\"512\" height=\"384\" src=\"https:\/\/i0.wp.com\/vibrationkundaliniyoga.fr\/wp-content\/uploads\/2021\/04\/Kundalini-montagne-1_512x384.jpg?resize=512%2C384&#038;ssl=1\" alt=\"\" class=\"wp-image-116\" srcset=\"https:\/\/i0.wp.com\/vibrationkundaliniyoga.fr\/wp-content\/uploads\/2021\/04\/Kundalini-montagne-1_512x384.jpg?w=512&amp;ssl=1 512w, https:\/\/i0.wp.com\/vibrationkundaliniyoga.fr\/wp-content\/uploads\/2021\/04\/Kundalini-montagne-1_512x384.jpg?resize=300%2C225&amp;ssl=1 300w\" sizes=\"auto, (max-width: 512px) 100vw, 512px\" \/><\/figure>\n<\/div>\n\n\n<div style=\"height:25px\" aria-hidden=\"true\" class=\"wp-block-spacer\"><\/div>\n\n\n\n<p class=\"has-medium-font-size\">With Kundalini Yoga, everyone is welcome.<\/p>\n\n\n\n<p class=\"has-medium-font-size\">No notion of level, no prerequisites. The practice is above all a spiritual awakening and spirituality cannot be measured. Everyone progresses at their own pace. This is why you will come across experienced people and neophytes in the same course.<\/p>\n\n\n\n<p class=\"has-medium-font-size\">No goals to achieve, no need to be flexible or be a model of serenity. Just need\/want to know yourself better, to understand yourself better and to gradually transform yourself for a better life.<\/p>\n\n\n\n<p class=\"has-medium-font-size\">Everyone has their own inner experience.<\/p>\n\n\n\n<p class=\"has-medium-font-size\">Un cours de Kundalini Yoga, c\u2019est s\u2019offrir un instant d\u2019\u00e9coute et d\u2019observation de soi pour travailler sur le corps physique (le squelette, les muscles, les organes, &#8230;), le syst\u00e8me glandulaire et le syst\u00e8me \u00e9nerg\u00e9tique (les chakras).<\/p>\n\n\n\n<p class=\"has-medium-font-size\">We use the body and the breath to reach the mental and emotional plane. <\/p>\n\n\n\n<p class=\"has-medium-font-size\">Revealing unconscious resistances to transform them and free oneself from them: it gives incredible joy and energy!<\/p>\n\n\n\n<p class=\"has-medium-font-size\">It is also an excellent yoga for the back. The spine is the mirror of our beliefs. We work on the relaxation and fluidity of the emotions responsible for the tensions. The spinal column regains its verticality, the yogi regains its inner comfort.<\/p>\n\n\n\n<p class=\"has-medium-font-size\">It is a deeply touching experience to harmonize body, mind and soul.<\/p>\n\n\n\n<p class=\"has-medium-font-size\">It invites you to open your heart, to take responsibility and to forge the courage to be yourself.<\/p>\n\n\n\n<p class=\"has-medium-font-size\">Take back your power and become creator of your reality..<\/p>\n\n\n\n<div style=\"height:25px\" aria-hidden=\"true\" class=\"wp-block-spacer\"><\/div>\n\n\n\n<div class=\"wp-block-uagb-buttons uagb-buttons__outer-wrap uagb-btn__default-btn uagb-btn-tablet__default-btn uagb-btn-mobile__default-btn uagb-block-8facb8e4\"><div class=\"uagb-buttons__wrap uagb-buttons-layout-wrap\">\n<div class=\"wp-block-uagb-buttons-child uagb-buttons__outer-wrap uagb-block-bed6a687 wp-block-button\"><div class=\"uagb-button__wrapper\"><a class=\"uagb-buttons-repeater wp-block-button__link\" href=\"https:\/\/vibrationkundaliniyoga.fr\/eng\/deroulement-dun-cours\/\" onclick=\"return true;\" rel=\"follow noopener\" target=\"_self\"><div class=\"uagb-button__link\">see the progress of a course<\/div><\/a><\/div><\/div>\n<\/div><\/div>","protected":false},"excerpt":{"rendered":"<p>LE KUNDALINI YOGA Avec le Kundalini Yoga, tout le monde est bienvenu. Aucune notion de niveau, aucun pr\u00e9requis. La pratique est avant tout un \u00e9veil spirituel et la spiritualit\u00e9 ne se mesure pas. Chacun avance \u00e0 son rythme. C\u2019est pourquoi vous croiserez des personnes exp\u00e9riment\u00e9es et des n\u00e9ophytes dans le m\u00eame cours. Aucun objectif \u00e0 &hellip; <\/p>\n<p class=\"link-more\"><a href=\"https:\/\/vibrationkundaliniyoga.fr\/eng\/kundalini-yoga\/\" class=\"more-link\">Continue reading<span class=\"screen-reader-text\"> \u00ab\u00a0Kundalini Yoga\u00a0\u00bb<\/span><\/a><\/p>","protected":false},"author":1,"featured_media":0,"parent":0,"menu_order":0,"comment_status":"closed","ping_status":"closed","template":"","meta":{"_uag_custom_page_level_css":"","footnotes":""},"class_list":["post-48","page","type-page","status-publish","hentry"],"yoast_head":"<!-- This site is optimized with the Yoast SEO plugin v27.3 - https:\/\/yoast.com\/product\/yoast-seo-wordpress\/ -->\n<title>Kundalini Yoga &#8902; Vibration Kundalini Yoga<\/title>\n<meta name=\"description\" content=\"Ce qui est chouette avec le Kundalini Yoga, c\u2019est que tout le monde est le bienvenu. Aucune notion de niveau, aucun pr\u00e9requis.\" \/>\n<meta name=\"robots\" content=\"index, follow, max-snippet:-1, max-image-preview:large, max-video-preview:-1\" \/>\n<link rel=\"canonical\" href=\"https:\/\/vibrationkundaliniyoga.fr\/eng\/kundalini-yoga\/\" \/>\n<meta property=\"og:locale\" content=\"en_GB\" \/>\n<meta property=\"og:type\" content=\"article\" \/>\n<meta property=\"og:title\" content=\"Kundalini Yoga &#8902; Vibration Kundalini Yoga\" \/>\n<meta property=\"og:description\" content=\"Ce qui est chouette avec le Kundalini Yoga, c\u2019est que tout le monde est le bienvenu. Aucune notion de niveau, aucun pr\u00e9requis.\" \/>\n<meta property=\"og:url\" content=\"https:\/\/vibrationkundaliniyoga.fr\/eng\/kundalini-yoga\/\" \/>\n<meta property=\"og:site_name\" content=\"Vibration Kundalini Yoga\" \/>\n<meta property=\"article:modified_time\" content=\"2024-02-14T18:59:12+00:00\" \/>\n<meta property=\"og:image\" content=\"https:\/\/vibrationkundaliniyoga.fr\/wp-content\/uploads\/2021\/04\/Kundalini-montagne-1_512x384.jpg\" \/>\n<meta name=\"twitter:card\" content=\"summary_large_image\" \/>\n<meta name=\"twitter:label1\" content=\"Estimated reading time\" \/>\n\t<meta name=\"twitter:data1\" content=\"2 minutes\" \/>\n<script type=\"application\/ld+json\" class=\"yoast-schema-graph\">{\"@context\":\"https:\\\/\\\/schema.org\",\"@graph\":[{\"@type\":\"WebPage\",\"@id\":\"https:\\\/\\\/vibrationkundaliniyoga.fr\\\/kundalini-yoga\\\/\",\"url\":\"https:\\\/\\\/vibrationkundaliniyoga.fr\\\/kundalini-yoga\\\/\",\"name\":\"Kundalini Yoga &#8902; Vibration Kundalini Yoga\",\"isPartOf\":{\"@id\":\"https:\\\/\\\/vibrationkundaliniyoga.fr\\\/#website\"},\"primaryImageOfPage\":{\"@id\":\"https:\\\/\\\/vibrationkundaliniyoga.fr\\\/kundalini-yoga\\\/#primaryimage\"},\"image\":{\"@id\":\"https:\\\/\\\/vibrationkundaliniyoga.fr\\\/kundalini-yoga\\\/#primaryimage\"},\"thumbnailUrl\":\"https:\\\/\\\/vibrationkundaliniyoga.fr\\\/wp-content\\\/uploads\\\/2021\\\/04\\\/Kundalini-montagne-1_512x384.jpg\",\"datePublished\":\"2021-04-23T15:39:13+00:00\",\"dateModified\":\"2024-02-14T18:59:12+00:00\",\"description\":\"Ce qui est chouette avec le Kundalini Yoga, c\u2019est que tout le monde est le bienvenu. Aucune notion de niveau, aucun pr\u00e9requis.\",\"breadcrumb\":{\"@id\":\"https:\\\/\\\/vibrationkundaliniyoga.fr\\\/kundalini-yoga\\\/#breadcrumb\"},\"inLanguage\":\"en-GB\",\"potentialAction\":[{\"@type\":\"ReadAction\",\"target\":[\"https:\\\/\\\/vibrationkundaliniyoga.fr\\\/kundalini-yoga\\\/\"]}]},{\"@type\":\"ImageObject\",\"inLanguage\":\"en-GB\",\"@id\":\"https:\\\/\\\/vibrationkundaliniyoga.fr\\\/kundalini-yoga\\\/#primaryimage\",\"url\":\"https:\\\/\\\/vibrationkundaliniyoga.fr\\\/wp-content\\\/uploads\\\/2021\\\/04\\\/Kundalini-montagne-1_512x384.jpg\",\"contentUrl\":\"https:\\\/\\\/vibrationkundaliniyoga.fr\\\/wp-content\\\/uploads\\\/2021\\\/04\\\/Kundalini-montagne-1_512x384.jpg\"},{\"@type\":\"BreadcrumbList\",\"@id\":\"https:\\\/\\\/vibrationkundaliniyoga.fr\\\/kundalini-yoga\\\/#breadcrumb\",\"itemListElement\":[{\"@type\":\"ListItem\",\"position\":1,\"name\":\"Accueil\",\"item\":\"https:\\\/\\\/vibrationkundaliniyoga.fr\\\/\"},{\"@type\":\"ListItem\",\"position\":2,\"name\":\"Kundalini Yoga\"}]},{\"@type\":\"WebSite\",\"@id\":\"https:\\\/\\\/vibrationkundaliniyoga.fr\\\/#website\",\"url\":\"https:\\\/\\\/vibrationkundaliniyoga.fr\\\/\",\"name\":\"Vibration Kundalini Yoga\",\"description\":\"Gong &amp; Yoga Kundalini - Entre Gen\u00e8ve &amp; Annecy\",\"publisher\":{\"@id\":\"https:\\\/\\\/vibrationkundaliniyoga.fr\\\/#\\\/schema\\\/person\\\/017c4704e47030a259b55f4cdc5b3ae7\"},\"potentialAction\":[{\"@type\":\"SearchAction\",\"target\":{\"@type\":\"EntryPoint\",\"urlTemplate\":\"https:\\\/\\\/vibrationkundaliniyoga.fr\\\/?s={search_term_string}\"},\"query-input\":{\"@type\":\"PropertyValueSpecification\",\"valueRequired\":true,\"valueName\":\"search_term_string\"}}],\"inLanguage\":\"en-GB\"},{\"@type\":[\"Person\",\"Organization\"],\"@id\":\"https:\\\/\\\/vibrationkundaliniyoga.fr\\\/#\\\/schema\\\/person\\\/017c4704e47030a259b55f4cdc5b3ae7\",\"name\":\"Maximilien\",\"image\":{\"@type\":\"ImageObject\",\"inLanguage\":\"en-GB\",\"@id\":\"https:\\\/\\\/secure.gravatar.com\\\/avatar\\\/9f910fa0c4b06fce7f5e4d5a378b1c2091edaa817a741638e2b4c4e793d93a67?s=96&d=mm&r=g\",\"url\":\"https:\\\/\\\/secure.gravatar.com\\\/avatar\\\/9f910fa0c4b06fce7f5e4d5a378b1c2091edaa817a741638e2b4c4e793d93a67?s=96&d=mm&r=g\",\"contentUrl\":\"https:\\\/\\\/secure.gravatar.com\\\/avatar\\\/9f910fa0c4b06fce7f5e4d5a378b1c2091edaa817a741638e2b4c4e793d93a67?s=96&d=mm&r=g\",\"caption\":\"Maximilien\"},\"logo\":{\"@id\":\"https:\\\/\\\/secure.gravatar.com\\\/avatar\\\/9f910fa0c4b06fce7f5e4d5a378b1c2091edaa817a741638e2b4c4e793d93a67?s=96&d=mm&r=g\"},\"sameAs\":[\"https:\\\/\\\/vibrationkundaliniyoga.fr\"]}]}<\/script>\n<!-- \/ Yoast SEO plugin. -->","yoast_head_json":{"title":"Kundalini Yoga &#8902; Vibration Kundalini Yoga","description":"Ce qui est chouette avec le Kundalini Yoga, c\u2019est que tout le monde est le bienvenu. Aucune notion de niveau, aucun pr\u00e9requis.","robots":{"index":"index","follow":"follow","max-snippet":"max-snippet:-1","max-image-preview":"max-image-preview:large","max-video-preview":"max-video-preview:-1"},"canonical":"https:\/\/vibrationkundaliniyoga.fr\/eng\/kundalini-yoga\/","og_locale":"en_GB","og_type":"article","og_title":"Kundalini Yoga &#8902; Vibration Kundalini Yoga","og_description":"Ce qui est chouette avec le Kundalini Yoga, c\u2019est que tout le monde est le bienvenu. Aucune notion de niveau, aucun pr\u00e9requis.","og_url":"https:\/\/vibrationkundaliniyoga.fr\/eng\/kundalini-yoga\/","og_site_name":"Vibration Kundalini Yoga","article_modified_time":"2024-02-14T18:59:12+00:00","og_image":[{"url":"https:\/\/vibrationkundaliniyoga.fr\/wp-content\/uploads\/2021\/04\/Kundalini-montagne-1_512x384.jpg","type":"","width":"","height":""}],"twitter_card":"summary_large_image","twitter_misc":{"Estimated reading time":"2 minutes"},"schema":{"@context":"https:\/\/schema.org","@graph":[{"@type":"WebPage","@id":"https:\/\/vibrationkundaliniyoga.fr\/kundalini-yoga\/","url":"https:\/\/vibrationkundaliniyoga.fr\/kundalini-yoga\/","name":"Kundalini Yoga &#8902; Vibration Kundalini Yoga","isPartOf":{"@id":"https:\/\/vibrationkundaliniyoga.fr\/#website"},"primaryImageOfPage":{"@id":"https:\/\/vibrationkundaliniyoga.fr\/kundalini-yoga\/#primaryimage"},"image":{"@id":"https:\/\/vibrationkundaliniyoga.fr\/kundalini-yoga\/#primaryimage"},"thumbnailUrl":"https:\/\/vibrationkundaliniyoga.fr\/wp-content\/uploads\/2021\/04\/Kundalini-montagne-1_512x384.jpg","datePublished":"2021-04-23T15:39:13+00:00","dateModified":"2024-02-14T18:59:12+00:00","description":"Ce qui est chouette avec le Kundalini Yoga, c\u2019est que tout le monde est le bienvenu. Aucune notion de niveau, aucun pr\u00e9requis.","breadcrumb":{"@id":"https:\/\/vibrationkundaliniyoga.fr\/kundalini-yoga\/#breadcrumb"},"inLanguage":"en-GB","potentialAction":[{"@type":"ReadAction","target":["https:\/\/vibrationkundaliniyoga.fr\/kundalini-yoga\/"]}]},{"@type":"ImageObject","inLanguage":"en-GB","@id":"https:\/\/vibrationkundaliniyoga.fr\/kundalini-yoga\/#primaryimage","url":"https:\/\/vibrationkundaliniyoga.fr\/wp-content\/uploads\/2021\/04\/Kundalini-montagne-1_512x384.jpg","contentUrl":"https:\/\/vibrationkundaliniyoga.fr\/wp-content\/uploads\/2021\/04\/Kundalini-montagne-1_512x384.jpg"},{"@type":"BreadcrumbList","@id":"https:\/\/vibrationkundaliniyoga.fr\/kundalini-yoga\/#breadcrumb","itemListElement":[{"@type":"ListItem","position":1,"name":"Accueil","item":"https:\/\/vibrationkundaliniyoga.fr\/"},{"@type":"ListItem","position":2,"name":"Kundalini Yoga"}]},{"@type":"WebSite","@id":"https:\/\/vibrationkundaliniyoga.fr\/#website","url":"https:\/\/vibrationkundaliniyoga.fr\/","name":"Vibration Kundalini Yoga","description":"Gong &amp; Yoga Kundalini - Entre Gen\u00e8ve &amp; Annecy","publisher":{"@id":"https:\/\/vibrationkundaliniyoga.fr\/#\/schema\/person\/017c4704e47030a259b55f4cdc5b3ae7"},"potentialAction":[{"@type":"SearchAction","target":{"@type":"EntryPoint","urlTemplate":"https:\/\/vibrationkundaliniyoga.fr\/?s={search_term_string}"},"query-input":{"@type":"PropertyValueSpecification","valueRequired":true,"valueName":"search_term_string"}}],"inLanguage":"en-GB"},{"@type":["Person","Organization"],"@id":"https:\/\/vibrationkundaliniyoga.fr\/#\/schema\/person\/017c4704e47030a259b55f4cdc5b3ae7","name":"Maximilien","image":{"@type":"ImageObject","inLanguage":"en-GB","@id":"https:\/\/secure.gravatar.com\/avatar\/9f910fa0c4b06fce7f5e4d5a378b1c2091edaa817a741638e2b4c4e793d93a67?s=96&d=mm&r=g","url":"https:\/\/secure.gravatar.com\/avatar\/9f910fa0c4b06fce7f5e4d5a378b1c2091edaa817a741638e2b4c4e793d93a67?s=96&d=mm&r=g","contentUrl":"https:\/\/secure.gravatar.com\/avatar\/9f910fa0c4b06fce7f5e4d5a378b1c2091edaa817a741638e2b4c4e793d93a67?s=96&d=mm&r=g","caption":"Maximilien"},"logo":{"@id":"https:\/\/secure.gravatar.com\/avatar\/9f910fa0c4b06fce7f5e4d5a378b1c2091edaa817a741638e2b4c4e793d93a67?s=96&d=mm&r=g"},"sameAs":["https:\/\/vibrationkundaliniyoga.fr"]}]}},"uagb_featured_image_src":{"full":false,"thumbnail":false,"medium":false,"medium_large":false,"large":false,"1536x1536":false,"2048x2048":false,"trp-custom-language-flag":false,"twentyseventeen-featured-image":false,"twentyseventeen-thumbnail-avatar":false},"uagb_author_info":{"display_name":"Maximilien","author_link":"https:\/\/vibrationkundaliniyoga.fr\/eng\/author\/admin5225\/"},"uagb_comment_info":0,"uagb_excerpt":"LE KUNDALINI YOGA Avec le Kundalini Yoga, tout le monde est bienvenu. Aucune notion de niveau, aucun pr\u00e9requis. La pratique est avant tout un \u00e9veil spirituel et la spiritualit\u00e9 ne se mesure pas. Chacun avance \u00e0 son rythme. C\u2019est pourquoi vous croiserez des personnes exp\u00e9riment\u00e9es et des n\u00e9ophytes dans le m\u00eame cours. Aucun objectif \u00e0&hellip;","jetpack_sharing_enabled":false,"_links":{"self":[{"href":"https:\/\/vibrationkundaliniyoga.fr\/eng\/wp-json\/wp\/v2\/pages\/48","targetHints":{"allow":["GET"]}}],"collection":[{"href":"https:\/\/vibrationkundaliniyoga.fr\/eng\/wp-json\/wp\/v2\/pages"}],"about":[{"href":"https:\/\/vibrationkundaliniyoga.fr\/eng\/wp-json\/wp\/v2\/types\/page"}],"author":[{"embeddable":true,"href":"https:\/\/vibrationkundaliniyoga.fr\/eng\/wp-json\/wp\/v2\/users\/1"}],"replies":[{"embeddable":true,"href":"https:\/\/vibrationkundaliniyoga.fr\/eng\/wp-json\/wp\/v2\/comments?post=48"}],"version-history":[{"count":21,"href":"https:\/\/vibrationkundaliniyoga.fr\/eng\/wp-json\/wp\/v2\/pages\/48\/revisions"}],"predecessor-version":[{"id":2008,"href":"https:\/\/vibrationkundaliniyoga.fr\/eng\/wp-json\/wp\/v2\/pages\/48\/revisions\/2008"}],"wp:attachment":[{"href":"https:\/\/vibrationkundaliniyoga.fr\/eng\/wp-json\/wp\/v2\/media?parent=48"}],"curies":[{"name":"wp","href":"https:\/\/api.w.org\/{rel}","templated":true}]}}