{"id":431,"date":"2021-06-17T21:23:25","date_gmt":"2021-06-17T19:23:25","guid":{"rendered":"https:\/\/vibrationkundaliniyoga.fr\/?page_id=431"},"modified":"2024-12-12T11:24:15","modified_gmt":"2024-12-12T10:24:15","slug":"programme","status":"publish","type":"page","link":"https:\/\/vibrationkundaliniyoga.fr\/eng\/programme\/","title":{"rendered":"Programme cours &#038; ateliers"},"content":{"rendered":"<h1 class=\"wp-block-heading has-text-align-center has-text-color\" id=\"pratiques-de-l-hiver\" style=\"color:#ca4e07\"> PROGRAMME COURS &amp; ATELIERS<\/h1>\n\n\n\n<div style=\"height:30px\" aria-hidden=\"true\" class=\"wp-block-spacer\"><\/div>\n\n\n\n<hr class=\"wp-block-separator has-text-color has-css-opacity has-background is-style-default\" style=\"background-color:#ca4e07;color:#ca4e07\"\/>\n\n\n\n<div style=\"height:20px\" aria-hidden=\"true\" class=\"wp-block-spacer\"><\/div>\n\n\n\n<p class=\"has-text-align-center has-text-color\" style=\"color:#ca4e07;font-size:28px\">\u00ab\u00a0Breath &amp; Gong\u00a0\u00bb<\/p>\n\n\n\n<p><\/p>\n\n\n\n<p class=\"has-text-align-center has-text-color\" style=\"color:#ca4e07;font-size:24px\">15 D\u00e9cembre<\/p>\n\n\n\n<p class=\"has-text-align-center has-text-color\" style=\"color:#ca4e07;font-size:24px\">de 17h \u00e0 18h30 chemin de Mancy, 40 1222 V\u00e9senaz (Gen\u00e8ve)<\/p>\n\n\n<div class=\"wp-block-image\">\n<figure class=\"alignleft size-full is-resized\"><img data-recalc-dims=\"1\" loading=\"lazy\" decoding=\"async\" width=\"525\" height=\"525\" src=\"https:\/\/i0.wp.com\/vibrationkundaliniyoga.fr\/wp-content\/uploads\/2024\/10\/BREATH-GONG11.png?resize=525%2C525&#038;ssl=1\" alt=\"\" class=\"wp-image-3166\" style=\"width:431px;height:auto\" srcset=\"https:\/\/i0.wp.com\/vibrationkundaliniyoga.fr\/wp-content\/uploads\/2024\/10\/BREATH-GONG11.png?w=1080&amp;ssl=1 1080w, https:\/\/i0.wp.com\/vibrationkundaliniyoga.fr\/wp-content\/uploads\/2024\/10\/BREATH-GONG11.png?resize=300%2C300&amp;ssl=1 300w, https:\/\/i0.wp.com\/vibrationkundaliniyoga.fr\/wp-content\/uploads\/2024\/10\/BREATH-GONG11.png?resize=1024%2C1024&amp;ssl=1 1024w, https:\/\/i0.wp.com\/vibrationkundaliniyoga.fr\/wp-content\/uploads\/2024\/10\/BREATH-GONG11.png?resize=150%2C150&amp;ssl=1 150w, https:\/\/i0.wp.com\/vibrationkundaliniyoga.fr\/wp-content\/uploads\/2024\/10\/BREATH-GONG11.png?resize=768%2C768&amp;ssl=1 768w, https:\/\/i0.wp.com\/vibrationkundaliniyoga.fr\/wp-content\/uploads\/2024\/10\/BREATH-GONG11.png?resize=12%2C12&amp;ssl=1 12w, https:\/\/i0.wp.com\/vibrationkundaliniyoga.fr\/wp-content\/uploads\/2024\/10\/BREATH-GONG11.png?resize=100%2C100&amp;ssl=1 100w\" sizes=\"auto, (max-width: 706px) 89vw, (max-width: 767px) 82vw, 740px\" \/><\/figure>\n<\/div>\n\n\n<p class=\"has-text-align-center has-medium-font-size\">Respire et vibre !<\/p>\n\n\n\n<p class=\"has-text-align-center has-medium-font-size\">Un atelier d&rsquo;1h30 combinant l&rsquo;exploration du souffle lib\u00e9rateur et la gu\u00e9rison des vibrations du Son.<\/p>\n\n\n\n<p class=\"has-text-align-center has-medium-font-size\">L&rsquo;automne est la saison invitant \u00e0 ralentir et plonger dans le monde int\u00e9rieur pour y trouver la chaleur qu&rsquo;il manque \u00e0 l&rsquo;ext\u00e9rieur. Ce passage peut paraitre inconfortable pour beaucoup d&rsquo;entre nous pourtant il peut se vivre bien avec la douceur et l&rsquo;acceptation. L&rsquo;invitation est au voyage introspectif, connect\u00e9 \u00e0 la respiration et aux sensations du corps. C&rsquo;est le moment, le temps, d&rsquo;accueillir et d&rsquo;\u00e9couter ses \u00e9motions. Deux outils principaux, le souffle et les vibrations du Gong pour soutenir l&rsquo;intention de cet atelier : vous procurer un \u00e9tat de relaxation profonde, une sensation d&rsquo;harmonie, de silence int\u00e9rieur.<\/p>\n\n\n\n<p class=\"has-text-align-center has-medium-font-size\">Le confort d&rsquo;\u00eatre bien avec Soi.<\/p>\n\n\n\n<p class=\"has-text-align-center has-medium-font-size\">Rendez-vous chez Kundalini Yoga Gen\u00e8ve pour assister \u00e0 ce rituel d&rsquo;entr\u00e9e dans l&rsquo;automne. Ouvert \u00e0 toutes et tous.<\/p>\n\n\n\n<p class=\"has-text-align-center has-medium-font-size\">La s\u00e9ance se terminera par un temps d&rsquo;\u00e9change autour d&rsquo;une tisane.<\/p>\n\n\n\n<p class=\"has-text-align-center has-text-color has-medium-font-size\" style=\"color:#ca4e07\">Inscriptions par e-mail : vibrationkundaliniyoga@gmail.com<\/p>\n\n\n\n<p class=\"has-text-align-center has-text-color\" style=\"color:#ca4e07;font-size:24px\">Valeur : 50\u20ac\/CHF<\/p>\n\n\n\n<div style=\"height:20px\" aria-hidden=\"true\" class=\"wp-block-spacer\"><\/div>\n\n\n\n<hr class=\"wp-block-separator has-text-color has-css-opacity has-background is-style-default\" style=\"background-color:#ca4e07;color:#ca4e07\"\/>\n\n\n\n<div style=\"height:20px\" aria-hidden=\"true\" class=\"wp-block-spacer\"><\/div>\n\n\n\n<p class=\"has-text-align-center has-text-color\" style=\"color:#ca4e07;font-size:28px\">\u00ab\u00a0Kundalini Yoga &amp; Gong au Praz d&rsquo;Zeures\u00a0\u00bb<\/p>\n\n\n\n<p class=\"has-text-align-center has-text-color\" style=\"color:#ca4e07;font-size:24px\">du vendredi 28 Juin \u00e0 14h au samedi 29 \u00e0 12h<\/p>\n\n\n<div class=\"wp-block-image\">\n<figure class=\"aligncenter size-full\"><img data-recalc-dims=\"1\" loading=\"lazy\" decoding=\"async\" width=\"512\" height=\"384\" src=\"https:\/\/i0.wp.com\/vibrationkundaliniyoga.fr\/wp-content\/uploads\/2023\/04\/Praz-dZeures.jpg?resize=512%2C384&#038;ssl=1\" alt=\"\" class=\"wp-image-1654\" srcset=\"https:\/\/i0.wp.com\/vibrationkundaliniyoga.fr\/wp-content\/uploads\/2023\/04\/Praz-dZeures.jpg?w=512&amp;ssl=1 512w, https:\/\/i0.wp.com\/vibrationkundaliniyoga.fr\/wp-content\/uploads\/2023\/04\/Praz-dZeures.jpg?resize=300%2C225&amp;ssl=1 300w, https:\/\/i0.wp.com\/vibrationkundaliniyoga.fr\/wp-content\/uploads\/2023\/04\/Praz-dZeures.jpg?resize=16%2C12&amp;ssl=1 16w\" sizes=\"auto, (max-width: 512px) 100vw, 512px\" \/><\/figure>\n<\/div>\n\n\n<p class=\"has-text-align-center has-medium-font-size\">Cette ann\u00e9e une seule date au \u00ab\u00a0refuge de Praz d&rsquo;Zeures\u00a0\u00bb. Au programme une randonn\u00e9e de 2h pour rejoindre le refuge. Une fois l\u00e0-haut, dans un cadre sauvage et pr\u00e9serv\u00e9 nous pratiquerons yoga et m\u00e9ditation. En fin de journ\u00e9e et surtout le lendemain matin, au lever du jour, face au Mont Blanc et les Aravis. Soir\u00e9e devant un repas v\u00e9g\u00e9tarien et&#8230;nouveaut\u00e9 cette ann\u00e9e&#8230; un bain de gong au chaud dans le refuge. Juste avant de dormir. Le lendemain, ou nous redescendrons ensembles, ou vous pouvez en profiter pour rejoindre le sommet de la Tournette \u00e0 2h de marche. Une exp\u00e9rience nourrissante et r\u00e9g\u00e9n\u00e9ratrice.<\/p>\n\n\n\n<p class=\"has-text-align-center has-text-color has-medium-font-size\" style=\"color:#ca4e07\">Inscriptions par e-mail : vibrationkundaliniyoga@gmail.com<\/p>\n\n\n\n<p class=\"has-text-align-center has-text-color\" style=\"color:#ca4e07;font-size:24px\"> Yoga &amp; Gong : 70\u20ac \/ demi-pension refuge : 50\u20ac<\/p>\n\n\n\n<div style=\"height:20px\" aria-hidden=\"true\" class=\"wp-block-spacer\"><\/div>\n\n\n\n<hr class=\"wp-block-separator has-text-color has-css-opacity has-background is-style-default\" style=\"background-color:#ca4e07;color:#ca4e07\"\/>\n\n\n\n<div style=\"height:20px\" aria-hidden=\"true\" class=\"wp-block-spacer\"><\/div>\n\n\n\n<p class=\"has-text-align-center has-text-color\" style=\"color:#ca4e07;font-size:28px\">\u201cHealing vibration bath\u201d<\/p>\n\n\n\n<p class=\"has-text-align-center has-text-color\" style=\"color:#ca4e07;font-size:24px\">vendredi 24 Mai de 20h \u00e0 21h30 &#8211; Studio Into the Wild &#8211; Gex<\/p>\n\n\n\n<p class=\"has-text-align-center has-medium-font-size\">Une premi\u00e8re session propos\u00e9e au studio <a href=\"https:\/\/www.intothewild.earth\/events\/?event=2243\">Into the Wild \u00e0 Gex<\/a><\/p>\n\n\n<div class=\"wp-block-image\">\n<figure class=\"aligncenter size-full\"><img data-recalc-dims=\"1\" loading=\"lazy\" decoding=\"async\" width=\"384\" height=\"512\" src=\"https:\/\/i0.wp.com\/vibrationkundaliniyoga.fr\/wp-content\/uploads\/2024\/04\/bougies-2.jpg?resize=384%2C512&#038;ssl=1\" alt=\"\" class=\"wp-image-2656\" srcset=\"https:\/\/i0.wp.com\/vibrationkundaliniyoga.fr\/wp-content\/uploads\/2024\/04\/bougies-2.jpg?w=384&amp;ssl=1 384w, https:\/\/i0.wp.com\/vibrationkundaliniyoga.fr\/wp-content\/uploads\/2024\/04\/bougies-2.jpg?resize=225%2C300&amp;ssl=1 225w, https:\/\/i0.wp.com\/vibrationkundaliniyoga.fr\/wp-content\/uploads\/2024\/04\/bougies-2.jpg?resize=9%2C12&amp;ssl=1 9w\" sizes=\"auto, (max-width: 384px) 100vw, 384px\" \/><\/figure>\n<\/div>\n\n\n<p class=\"has-text-align-center has-text-color has-medium-font-size\" style=\"color:#ca4e07\">Inscriptions par e-mail : vibrationkundaliniyoga@gmail.com<\/p>\n\n\n\n<p class=\"has-text-align-center has-text-color\" style=\"color:#ca4e07;font-size:24px\">Valeur : 40\u20ac<\/p>\n\n\n\n<div style=\"height:20px\" aria-hidden=\"true\" class=\"wp-block-spacer\"><\/div>\n\n\n\n<hr class=\"wp-block-separator has-text-color has-css-opacity has-background is-style-default\" style=\"background-color:#ca4e07;color:#ca4e07\"\/>\n\n\n\n<div style=\"height:20px\" aria-hidden=\"true\" class=\"wp-block-spacer\"><\/div>\n\n\n\n<p class=\"has-text-align-center has-text-color\" style=\"color:#ca4e07;font-size:28px\">Pure Breath Salt Cave in Meythet<\/p>\n\n\n\n<p class=\"has-text-align-center has-text-color\" style=\"color:#ca4e07;font-size:24px\">Kundalini Yoga et\/ou Bain de Gong sur demande<\/p>\n\n\n<div class=\"wp-block-image\">\n<figure class=\"aligncenter size-full\"><img data-recalc-dims=\"1\" loading=\"lazy\" decoding=\"async\" width=\"384\" height=\"512\" src=\"https:\/\/i0.wp.com\/vibrationkundaliniyoga.fr\/wp-content\/uploads\/2022\/04\/512x384.jpg?resize=384%2C512&#038;ssl=1\" alt=\"\" class=\"wp-image-854\" srcset=\"https:\/\/i0.wp.com\/vibrationkundaliniyoga.fr\/wp-content\/uploads\/2022\/04\/512x384.jpg?w=384&amp;ssl=1 384w, https:\/\/i0.wp.com\/vibrationkundaliniyoga.fr\/wp-content\/uploads\/2022\/04\/512x384.jpg?resize=225%2C300&amp;ssl=1 225w\" sizes=\"auto, (max-width: 384px) 100vw, 384px\" \/><\/figure>\n<\/div>\n\n\n<p class=\"has-text-align-center has-medium-font-size\">Allier les bienfaits ionisants du sel rose de l&rsquo;Himalaya (Haloth\u00e9rapie), l&rsquo;ambiance intimiste de la grotte de sel avec la fr\u00e9quence du Kundalini Yoga et les vibrations du Gong. Quelle belle id\u00e9e !! Vous en ressortirez apais\u00e9.e.s!! <\/p>\n\n\n\n<p class=\"has-text-align-center has-medium-font-size\"><a href=\"https:\/\/vibrationkundaliniyoga.fr\/eng\/contact\/\">Contactez-moi<\/a> pour les s\u00e9ances priv\u00e9es<\/p>\n\n\n\n<p><\/p>\n\n\n\n<div style=\"height:20px\" aria-hidden=\"true\" class=\"wp-block-spacer\"><\/div>\n\n\n\n<hr class=\"wp-block-separator has-text-color has-css-opacity has-background is-style-default\" style=\"background-color:#ca4e07;color:#ca4e07\"\/>\n\n\n\n<div style=\"height:20px\" aria-hidden=\"true\" class=\"wp-block-spacer\"><\/div>\n\n\n\n<p class=\"has-text-align-center has-text-color\" style=\"color:#ca4e07;font-size:28px\">Cours au studio<\/p>\n\n\n\n<p class=\"has-text-align-center has-text-color has-link-color has-medium-font-size wp-elements-11accf3858a630d04d60e1fe3ec462c4\" style=\"color:#ca4e07\">LES COURS SONT SUSPENDUS POUR L&rsquo;INSTANT<\/p>\n\n\n<div class=\"wp-block-image\">\n<figure class=\"aligncenter size-full\"><img data-recalc-dims=\"1\" loading=\"lazy\" decoding=\"async\" width=\"512\" height=\"512\" src=\"https:\/\/i0.wp.com\/vibrationkundaliniyoga.fr\/wp-content\/uploads\/2023\/03\/studio-2.jpg?resize=512%2C512&#038;ssl=1\" alt=\"\" class=\"wp-image-1566\" srcset=\"https:\/\/i0.wp.com\/vibrationkundaliniyoga.fr\/wp-content\/uploads\/2023\/03\/studio-2.jpg?w=512&amp;ssl=1 512w, https:\/\/i0.wp.com\/vibrationkundaliniyoga.fr\/wp-content\/uploads\/2023\/03\/studio-2.jpg?resize=300%2C300&amp;ssl=1 300w, https:\/\/i0.wp.com\/vibrationkundaliniyoga.fr\/wp-content\/uploads\/2023\/03\/studio-2.jpg?resize=150%2C150&amp;ssl=1 150w, https:\/\/i0.wp.com\/vibrationkundaliniyoga.fr\/wp-content\/uploads\/2023\/03\/studio-2.jpg?resize=12%2C12&amp;ssl=1 12w, https:\/\/i0.wp.com\/vibrationkundaliniyoga.fr\/wp-content\/uploads\/2023\/03\/studio-2.jpg?resize=100%2C100&amp;ssl=1 100w\" sizes=\"auto, (max-width: 512px) 100vw, 512px\" \/><\/figure>\n<\/div>\n\n\n<p><\/p>\n\n\n\n<p class=\"has-text-align-center has-text-color has-medium-font-size\" style=\"color:#ca4e07\">Cours d&rsquo;essai 12\u20ac \/ Cours \u00e0 l&rsquo;unit\u00e9 20\u20ac  \/  Carte 10<strong> <\/strong>cours 170\u20ac<\/p>\n\n\n\n<p class=\"has-text-align-center has-text-color has-medium-font-size\" style=\"color:#ca4e07\">Inscriptions par e-mail : vibrationkundaliniyoga@gmail.com<\/p>\n\n\n\n<div style=\"height:20px\" aria-hidden=\"true\" class=\"wp-block-spacer\"><\/div>\n\n\n\n<p><\/p>\n\n\n\n<p><\/p>","protected":false},"excerpt":{"rendered":"<p>PROGRAMME COURS &amp; ATELIERS \u00ab\u00a0Breath &amp; Gong\u00a0\u00bb 15 D\u00e9cembre de 17h \u00e0 18h30 chemin de Mancy, 40 1222 V\u00e9senaz (Gen\u00e8ve) Respire et vibre ! Un atelier d&rsquo;1h30 combinant l&rsquo;exploration du souffle lib\u00e9rateur et la gu\u00e9rison des vibrations du Son. L&rsquo;automne est la saison invitant \u00e0 ralentir et plonger dans le monde int\u00e9rieur pour y trouver &hellip; <\/p>\n<p class=\"link-more\"><a href=\"https:\/\/vibrationkundaliniyoga.fr\/eng\/programme\/\" class=\"more-link\">Continue reading<span class=\"screen-reader-text\"> \u00ab\u00a0Programme cours &#038; ateliers\u00a0\u00bb<\/span><\/a><\/p>","protected":false},"author":1,"featured_media":0,"parent":0,"menu_order":0,"comment_status":"closed","ping_status":"closed","template":"","meta":{"_uag_custom_page_level_css":"","footnotes":""},"class_list":["post-431","page","type-page","status-publish","hentry"],"yoast_head":"<!-- This site is optimized with the Yoast SEO plugin v27.3 - https:\/\/yoast.com\/product\/yoast-seo-wordpress\/ -->\n<title>Programme cours &amp; ateliers &#8902; Vibration Kundalini Yoga<\/title>\n<meta name=\"description\" content=\"Je suis tr\u00e8s heureux de vous pr\u00e9senter la programmation de pratique de Kundalini Yoga dans les montagnes pour cet \u00e9t\u00e9.\" \/>\n<meta name=\"robots\" content=\"index, follow, max-snippet:-1, max-image-preview:large, max-video-preview:-1\" \/>\n<link rel=\"canonical\" href=\"https:\/\/vibrationkundaliniyoga.fr\/eng\/programme\/\" \/>\n<meta property=\"og:locale\" content=\"en_GB\" \/>\n<meta property=\"og:type\" content=\"article\" \/>\n<meta property=\"og:title\" content=\"Programme cours &amp; ateliers &#8902; Vibration Kundalini Yoga\" \/>\n<meta property=\"og:description\" content=\"Je suis tr\u00e8s heureux de vous pr\u00e9senter la programmation de pratique de Kundalini Yoga dans les montagnes pour cet \u00e9t\u00e9.\" \/>\n<meta property=\"og:url\" content=\"https:\/\/vibrationkundaliniyoga.fr\/eng\/programme\/\" \/>\n<meta property=\"og:site_name\" content=\"Vibration Kundalini Yoga\" \/>\n<meta property=\"article:modified_time\" content=\"2024-12-12T10:24:15+00:00\" \/>\n<meta property=\"og:image\" content=\"https:\/\/vibrationkundaliniyoga.fr\/wp-content\/uploads\/2024\/10\/BREATH-GONG11.png\" \/>\n<meta name=\"twitter:card\" content=\"summary_large_image\" \/>\n<meta name=\"twitter:label1\" content=\"Estimated reading time\" \/>\n\t<meta name=\"twitter:data1\" content=\"4 minutes\" \/>\n<script type=\"application\/ld+json\" class=\"yoast-schema-graph\">{\"@context\":\"https:\\\/\\\/schema.org\",\"@graph\":[{\"@type\":\"WebPage\",\"@id\":\"https:\\\/\\\/vibrationkundaliniyoga.fr\\\/programme\\\/\",\"url\":\"https:\\\/\\\/vibrationkundaliniyoga.fr\\\/programme\\\/\",\"name\":\"Programme cours & ateliers &#8902; Vibration Kundalini Yoga\",\"isPartOf\":{\"@id\":\"https:\\\/\\\/vibrationkundaliniyoga.fr\\\/#website\"},\"primaryImageOfPage\":{\"@id\":\"https:\\\/\\\/vibrationkundaliniyoga.fr\\\/programme\\\/#primaryimage\"},\"image\":{\"@id\":\"https:\\\/\\\/vibrationkundaliniyoga.fr\\\/programme\\\/#primaryimage\"},\"thumbnailUrl\":\"https:\\\/\\\/vibrationkundaliniyoga.fr\\\/wp-content\\\/uploads\\\/2024\\\/10\\\/BREATH-GONG11.png\",\"datePublished\":\"2021-06-17T19:23:25+00:00\",\"dateModified\":\"2024-12-12T10:24:15+00:00\",\"description\":\"Je suis tr\u00e8s heureux de vous pr\u00e9senter la programmation de pratique de Kundalini Yoga dans les montagnes pour cet \u00e9t\u00e9.\",\"breadcrumb\":{\"@id\":\"https:\\\/\\\/vibrationkundaliniyoga.fr\\\/programme\\\/#breadcrumb\"},\"inLanguage\":\"en-GB\",\"potentialAction\":[{\"@type\":\"ReadAction\",\"target\":[\"https:\\\/\\\/vibrationkundaliniyoga.fr\\\/programme\\\/\"]}]},{\"@type\":\"ImageObject\",\"inLanguage\":\"en-GB\",\"@id\":\"https:\\\/\\\/vibrationkundaliniyoga.fr\\\/programme\\\/#primaryimage\",\"url\":\"https:\\\/\\\/vibrationkundaliniyoga.fr\\\/wp-content\\\/uploads\\\/2024\\\/10\\\/BREATH-GONG11.png\",\"contentUrl\":\"https:\\\/\\\/vibrationkundaliniyoga.fr\\\/wp-content\\\/uploads\\\/2024\\\/10\\\/BREATH-GONG11.png\"},{\"@type\":\"BreadcrumbList\",\"@id\":\"https:\\\/\\\/vibrationkundaliniyoga.fr\\\/programme\\\/#breadcrumb\",\"itemListElement\":[{\"@type\":\"ListItem\",\"position\":1,\"name\":\"Accueil\",\"item\":\"https:\\\/\\\/vibrationkundaliniyoga.fr\\\/\"},{\"@type\":\"ListItem\",\"position\":2,\"name\":\"Programme cours &#038; ateliers\"}]},{\"@type\":\"WebSite\",\"@id\":\"https:\\\/\\\/vibrationkundaliniyoga.fr\\\/#website\",\"url\":\"https:\\\/\\\/vibrationkundaliniyoga.fr\\\/\",\"name\":\"Vibration Kundalini Yoga\",\"description\":\"Gong &amp; Yoga Kundalini - Entre Gen\u00e8ve &amp; Annecy\",\"publisher\":{\"@id\":\"https:\\\/\\\/vibrationkundaliniyoga.fr\\\/#\\\/schema\\\/person\\\/017c4704e47030a259b55f4cdc5b3ae7\"},\"potentialAction\":[{\"@type\":\"SearchAction\",\"target\":{\"@type\":\"EntryPoint\",\"urlTemplate\":\"https:\\\/\\\/vibrationkundaliniyoga.fr\\\/?s={search_term_string}\"},\"query-input\":{\"@type\":\"PropertyValueSpecification\",\"valueRequired\":true,\"valueName\":\"search_term_string\"}}],\"inLanguage\":\"en-GB\"},{\"@type\":[\"Person\",\"Organization\"],\"@id\":\"https:\\\/\\\/vibrationkundaliniyoga.fr\\\/#\\\/schema\\\/person\\\/017c4704e47030a259b55f4cdc5b3ae7\",\"name\":\"Maximilien\",\"image\":{\"@type\":\"ImageObject\",\"inLanguage\":\"en-GB\",\"@id\":\"https:\\\/\\\/secure.gravatar.com\\\/avatar\\\/9f910fa0c4b06fce7f5e4d5a378b1c2091edaa817a741638e2b4c4e793d93a67?s=96&d=mm&r=g\",\"url\":\"https:\\\/\\\/secure.gravatar.com\\\/avatar\\\/9f910fa0c4b06fce7f5e4d5a378b1c2091edaa817a741638e2b4c4e793d93a67?s=96&d=mm&r=g\",\"contentUrl\":\"https:\\\/\\\/secure.gravatar.com\\\/avatar\\\/9f910fa0c4b06fce7f5e4d5a378b1c2091edaa817a741638e2b4c4e793d93a67?s=96&d=mm&r=g\",\"caption\":\"Maximilien\"},\"logo\":{\"@id\":\"https:\\\/\\\/secure.gravatar.com\\\/avatar\\\/9f910fa0c4b06fce7f5e4d5a378b1c2091edaa817a741638e2b4c4e793d93a67?s=96&d=mm&r=g\"},\"sameAs\":[\"https:\\\/\\\/vibrationkundaliniyoga.fr\"]}]}<\/script>\n<!-- \/ Yoast SEO plugin. -->","yoast_head_json":{"title":"Programme cours & ateliers &#8902; Vibration Kundalini Yoga","description":"Je suis tr\u00e8s heureux de vous pr\u00e9senter la programmation de pratique de Kundalini Yoga dans les montagnes pour cet \u00e9t\u00e9.","robots":{"index":"index","follow":"follow","max-snippet":"max-snippet:-1","max-image-preview":"max-image-preview:large","max-video-preview":"max-video-preview:-1"},"canonical":"https:\/\/vibrationkundaliniyoga.fr\/eng\/programme\/","og_locale":"en_GB","og_type":"article","og_title":"Programme cours & ateliers &#8902; Vibration Kundalini Yoga","og_description":"Je suis tr\u00e8s heureux de vous pr\u00e9senter la programmation de pratique de Kundalini Yoga dans les montagnes pour cet \u00e9t\u00e9.","og_url":"https:\/\/vibrationkundaliniyoga.fr\/eng\/programme\/","og_site_name":"Vibration Kundalini Yoga","article_modified_time":"2024-12-12T10:24:15+00:00","og_image":[{"url":"https:\/\/vibrationkundaliniyoga.fr\/wp-content\/uploads\/2024\/10\/BREATH-GONG11.png","type":"","width":"","height":""}],"twitter_card":"summary_large_image","twitter_misc":{"Estimated reading time":"4 minutes"},"schema":{"@context":"https:\/\/schema.org","@graph":[{"@type":"WebPage","@id":"https:\/\/vibrationkundaliniyoga.fr\/programme\/","url":"https:\/\/vibrationkundaliniyoga.fr\/programme\/","name":"Programme cours & ateliers &#8902; Vibration Kundalini Yoga","isPartOf":{"@id":"https:\/\/vibrationkundaliniyoga.fr\/#website"},"primaryImageOfPage":{"@id":"https:\/\/vibrationkundaliniyoga.fr\/programme\/#primaryimage"},"image":{"@id":"https:\/\/vibrationkundaliniyoga.fr\/programme\/#primaryimage"},"thumbnailUrl":"https:\/\/vibrationkundaliniyoga.fr\/wp-content\/uploads\/2024\/10\/BREATH-GONG11.png","datePublished":"2021-06-17T19:23:25+00:00","dateModified":"2024-12-12T10:24:15+00:00","description":"Je suis tr\u00e8s heureux de vous pr\u00e9senter la programmation de pratique de Kundalini Yoga dans les montagnes pour cet \u00e9t\u00e9.","breadcrumb":{"@id":"https:\/\/vibrationkundaliniyoga.fr\/programme\/#breadcrumb"},"inLanguage":"en-GB","potentialAction":[{"@type":"ReadAction","target":["https:\/\/vibrationkundaliniyoga.fr\/programme\/"]}]},{"@type":"ImageObject","inLanguage":"en-GB","@id":"https:\/\/vibrationkundaliniyoga.fr\/programme\/#primaryimage","url":"https:\/\/vibrationkundaliniyoga.fr\/wp-content\/uploads\/2024\/10\/BREATH-GONG11.png","contentUrl":"https:\/\/vibrationkundaliniyoga.fr\/wp-content\/uploads\/2024\/10\/BREATH-GONG11.png"},{"@type":"BreadcrumbList","@id":"https:\/\/vibrationkundaliniyoga.fr\/programme\/#breadcrumb","itemListElement":[{"@type":"ListItem","position":1,"name":"Accueil","item":"https:\/\/vibrationkundaliniyoga.fr\/"},{"@type":"ListItem","position":2,"name":"Programme cours &#038; ateliers"}]},{"@type":"WebSite","@id":"https:\/\/vibrationkundaliniyoga.fr\/#website","url":"https:\/\/vibrationkundaliniyoga.fr\/","name":"Vibration Kundalini Yoga","description":"Gong &amp; Yoga Kundalini - Entre Gen\u00e8ve &amp; Annecy","publisher":{"@id":"https:\/\/vibrationkundaliniyoga.fr\/#\/schema\/person\/017c4704e47030a259b55f4cdc5b3ae7"},"potentialAction":[{"@type":"SearchAction","target":{"@type":"EntryPoint","urlTemplate":"https:\/\/vibrationkundaliniyoga.fr\/?s={search_term_string}"},"query-input":{"@type":"PropertyValueSpecification","valueRequired":true,"valueName":"search_term_string"}}],"inLanguage":"en-GB"},{"@type":["Person","Organization"],"@id":"https:\/\/vibrationkundaliniyoga.fr\/#\/schema\/person\/017c4704e47030a259b55f4cdc5b3ae7","name":"Maximilien","image":{"@type":"ImageObject","inLanguage":"en-GB","@id":"https:\/\/secure.gravatar.com\/avatar\/9f910fa0c4b06fce7f5e4d5a378b1c2091edaa817a741638e2b4c4e793d93a67?s=96&d=mm&r=g","url":"https:\/\/secure.gravatar.com\/avatar\/9f910fa0c4b06fce7f5e4d5a378b1c2091edaa817a741638e2b4c4e793d93a67?s=96&d=mm&r=g","contentUrl":"https:\/\/secure.gravatar.com\/avatar\/9f910fa0c4b06fce7f5e4d5a378b1c2091edaa817a741638e2b4c4e793d93a67?s=96&d=mm&r=g","caption":"Maximilien"},"logo":{"@id":"https:\/\/secure.gravatar.com\/avatar\/9f910fa0c4b06fce7f5e4d5a378b1c2091edaa817a741638e2b4c4e793d93a67?s=96&d=mm&r=g"},"sameAs":["https:\/\/vibrationkundaliniyoga.fr"]}]}},"uagb_featured_image_src":{"full":false,"thumbnail":false,"medium":false,"medium_large":false,"large":false,"1536x1536":false,"2048x2048":false,"trp-custom-language-flag":false,"twentyseventeen-featured-image":false,"twentyseventeen-thumbnail-avatar":false},"uagb_author_info":{"display_name":"Maximilien","author_link":"https:\/\/vibrationkundaliniyoga.fr\/eng\/author\/admin5225\/"},"uagb_comment_info":0,"uagb_excerpt":"PROGRAMME COURS &amp; ATELIERS \u00ab\u00a0Breath &amp; Gong\u00a0\u00bb 15 D\u00e9cembre de 17h \u00e0 18h30 chemin de Mancy, 40 1222 V\u00e9senaz (Gen\u00e8ve) Respire et vibre ! Un atelier d&rsquo;1h30 combinant l&rsquo;exploration du souffle lib\u00e9rateur et la gu\u00e9rison des vibrations du Son. L&rsquo;automne est la saison invitant \u00e0 ralentir et plonger dans le monde int\u00e9rieur pour y trouver&hellip;","jetpack_sharing_enabled":false,"_links":{"self":[{"href":"https:\/\/vibrationkundaliniyoga.fr\/eng\/wp-json\/wp\/v2\/pages\/431","targetHints":{"allow":["GET"]}}],"collection":[{"href":"https:\/\/vibrationkundaliniyoga.fr\/eng\/wp-json\/wp\/v2\/pages"}],"about":[{"href":"https:\/\/vibrationkundaliniyoga.fr\/eng\/wp-json\/wp\/v2\/types\/page"}],"author":[{"embeddable":true,"href":"https:\/\/vibrationkundaliniyoga.fr\/eng\/wp-json\/wp\/v2\/users\/1"}],"replies":[{"embeddable":true,"href":"https:\/\/vibrationkundaliniyoga.fr\/eng\/wp-json\/wp\/v2\/comments?post=431"}],"version-history":[{"count":273,"href":"https:\/\/vibrationkundaliniyoga.fr\/eng\/wp-json\/wp\/v2\/pages\/431\/revisions"}],"predecessor-version":[{"id":3395,"href":"https:\/\/vibrationkundaliniyoga.fr\/eng\/wp-json\/wp\/v2\/pages\/431\/revisions\/3395"}],"wp:attachment":[{"href":"https:\/\/vibrationkundaliniyoga.fr\/eng\/wp-json\/wp\/v2\/media?parent=431"}],"curies":[{"name":"wp","href":"https:\/\/api.w.org\/{rel}","templated":true}]}}