{"id":43,"date":"2021-04-23T17:31:19","date_gmt":"2021-04-23T15:31:19","guid":{"rendered":"https:\/\/vibrationkundaliniyoga.fr\/?page_id=43"},"modified":"2023-04-28T12:18:33","modified_gmt":"2023-04-28T10:18:33","slug":"bain-de-gong","status":"publish","type":"page","link":"https:\/\/vibrationkundaliniyoga.fr\/eng\/bain-de-gong\/","title":{"rendered":"Gong bath"},"content":{"rendered":"<h1 class=\"wp-block-heading has-text-align-center has-text-color\" id=\"le-bain-de-gong\" style=\"color:#ca4e07\">THE GONG BATH<\/h1>\n\n\n\n<div style=\"height:30px\" aria-hidden=\"true\" class=\"wp-block-spacer\"><\/div>\n\n\n<div class=\"wp-block-image\">\n<figure class=\"aligncenter size-full\"><img data-recalc-dims=\"1\" loading=\"lazy\" decoding=\"async\" width=\"512\" height=\"512\" src=\"https:\/\/i0.wp.com\/vibrationkundaliniyoga.fr\/wp-content\/uploads\/2023\/03\/Yoga-Union-2.jpg?resize=512%2C512&#038;ssl=1\" alt=\"\" class=\"wp-image-1553\" srcset=\"https:\/\/i0.wp.com\/vibrationkundaliniyoga.fr\/wp-content\/uploads\/2023\/03\/Yoga-Union-2.jpg?w=512&amp;ssl=1 512w, https:\/\/i0.wp.com\/vibrationkundaliniyoga.fr\/wp-content\/uploads\/2023\/03\/Yoga-Union-2.jpg?resize=300%2C300&amp;ssl=1 300w, https:\/\/i0.wp.com\/vibrationkundaliniyoga.fr\/wp-content\/uploads\/2023\/03\/Yoga-Union-2.jpg?resize=150%2C150&amp;ssl=1 150w, https:\/\/i0.wp.com\/vibrationkundaliniyoga.fr\/wp-content\/uploads\/2023\/03\/Yoga-Union-2.jpg?resize=12%2C12&amp;ssl=1 12w, https:\/\/i0.wp.com\/vibrationkundaliniyoga.fr\/wp-content\/uploads\/2023\/03\/Yoga-Union-2.jpg?resize=100%2C100&amp;ssl=1 100w\" sizes=\"auto, (max-width: 512px) 100vw, 512px\" \/><\/figure>\n<\/div>\n\n\n<div style=\"height:25px\" aria-hidden=\"true\" class=\"wp-block-spacer\"><\/div>\n\n\n\n<p class=\"has-text-align-center has-black-color has-text-color\" style=\"font-size:22px\"><em>\u201cThere is only one thing that can replace and take over the direction of the human spirit: the sound of gong. It is the primordial sound of the Universe, the fundamental creative sound.\"<\/em> <em>C\u2019est le son primordial de l\u2019Univers, le son cr\u00e9atif fondamental \u00bb<\/em><\/p>\n\n\n\n<p class=\"has-text-align-center has-black-color has-text-color\" style=\"font-size:18px\"><em>Yogi Bajhan<\/em><\/p>\n\n\n\n<div style=\"height:20px\" aria-hidden=\"true\" class=\"wp-block-spacer\"><\/div>\n\n\n\n<p class=\"has-medium-font-size\">Tout est vibration&nbsp;: la lumi\u00e8re, le son, la mati\u00e8re..<\/p>\n\n\n\n<p class=\"has-medium-font-size\">Le Gong est un instrument fascinant par son aspect et ses sonorit\u00e9s&nbsp;: \u00e0 la fois brutes et subtiles. La profondeur de ses ondes et la richesse de ses harmoniques cr\u00e9ent une atmosph\u00e8re envoutante. Le voyage commence&#8230; Les ondes profondes massent subtilement les corps (physique, mental, \u00e9nerg\u00e9tique, \u00e9motionnel, \u2026) C\u2019est \u00e0 la fois doux, intense et relaxant.<\/p>\n\n\n\n<p class=\"has-medium-font-size\">Quickly the mind is silent, the body opens, the energy circulates, the centers harmonize.<\/p>\n\n\n\n<p class=\"has-medium-font-size\">Your cells vibrate the thirst to live fully and intensely. <\/p>\n\n\n\n<p class=\"has-medium-font-size\">The Gong bath reduces stress, anxiety, physical and emotional fatigue.\nThis allows total letting go, a feeling of peace and inner lightness.<br>Cela permet un l\u00e2cher-prise total, un sentiment de paix et de l\u00e9g\u00e8ret\u00e9 int\u00e9rieure.<\/p>\n\n\n\n<p class=\"has-medium-font-size\">It is a real cleansing offering a new, more subtle listening to what is.<\/p>\n\n\n\n<p class=\"has-medium-font-size\">A remarkable experience, to meet yourself.<\/p>\n\n\n\n<p class=\"has-medium-font-size\">Lie down comfortably, close your eyes and let yourself be immersed in the vibrational world...<\/p>\n\n\n\n<div style=\"height:25px\" aria-hidden=\"true\" class=\"wp-block-spacer\"><\/div>\n\n\n\n<div class=\"wp-block-uagb-buttons uagb-buttons__outer-wrap uagb-btn__default-btn uagb-btn-tablet__default-btn uagb-btn-mobile__default-btn uagb-block-65644223\"><div class=\"uagb-buttons__wrap uagb-buttons-layout-wrap\">\n<div class=\"wp-block-uagb-buttons-child uagb-buttons__outer-wrap uagb-block-daa870ee wp-block-button is-style-outline\"><div class=\"uagb-button__wrapper\"><a class=\"uagb-buttons-repeater wp-block-button__link has-background has-text-color\" href=\"https:\/\/vibrationkundaliniyoga.fr\/eng\/prestations\/\" onclick=\"return true;\" rel=\"follow noopener\" target=\"_self\"><div class=\"uagb-button__link\">See differents courses<\/div><\/a><\/div><\/div>\n<\/div><\/div>\n\n\n\n<p><\/p>","protected":false},"excerpt":{"rendered":"<p>LE BAIN DE GONG \u00ab Il n\u2019y a qu\u2019une chose qui peut remplacer et prendre la direction de l\u2019esprit humain : le son du Gong. C\u2019est le son primordial de l\u2019Univers, le son cr\u00e9atif fondamental \u00bb Yogi Bajhan Tout est vibration&nbsp;: la lumi\u00e8re, le son, la mati\u00e8re.. Le Gong est un instrument fascinant par son &hellip; <\/p>\n<p class=\"link-more\"><a href=\"https:\/\/vibrationkundaliniyoga.fr\/eng\/bain-de-gong\/\" class=\"more-link\">Continue reading<span class=\"screen-reader-text\"> \u00ab\u00a0Bain de Gong\u00a0\u00bb<\/span><\/a><\/p>","protected":false},"author":1,"featured_media":0,"parent":0,"menu_order":0,"comment_status":"closed","ping_status":"closed","template":"","meta":{"_uag_custom_page_level_css":"","footnotes":""},"class_list":["post-43","page","type-page","status-publish","hentry"],"yoast_head":"<!-- This site is optimized with the Yoast SEO plugin v27.3 - https:\/\/yoast.com\/product\/yoast-seo-wordpress\/ -->\n<title>Bain de Gong &#8902; Vibration Kundalini Yoga<\/title>\n<meta name=\"description\" content=\"Il n\u2019y a qu\u2019une chose qui peut remplacer et prendre la direction de l\u2019esprit humain : le son du Gong. C\u2019est le son primordial de l\u2019Univers, le son cr\u00e9atif fondamental.\" \/>\n<meta name=\"robots\" content=\"index, follow, max-snippet:-1, max-image-preview:large, max-video-preview:-1\" \/>\n<link rel=\"canonical\" href=\"https:\/\/vibrationkundaliniyoga.fr\/eng\/bain-de-gong\/\" \/>\n<meta property=\"og:locale\" content=\"en_GB\" \/>\n<meta property=\"og:type\" content=\"article\" \/>\n<meta property=\"og:title\" content=\"Bain de Gong &#8902; Vibration Kundalini Yoga\" \/>\n<meta property=\"og:description\" content=\"Il n\u2019y a qu\u2019une chose qui peut remplacer et prendre la direction de l\u2019esprit humain : le son du Gong. C\u2019est le son primordial de l\u2019Univers, le son cr\u00e9atif fondamental.\" \/>\n<meta property=\"og:url\" content=\"https:\/\/vibrationkundaliniyoga.fr\/eng\/bain-de-gong\/\" \/>\n<meta property=\"og:site_name\" content=\"Vibration Kundalini Yoga\" \/>\n<meta property=\"article:modified_time\" content=\"2023-04-28T10:18:33+00:00\" \/>\n<meta property=\"og:image\" content=\"https:\/\/vibrationkundaliniyoga.fr\/wp-content\/uploads\/2023\/03\/Yoga-Union-2.jpg\" \/>\n<meta name=\"twitter:card\" content=\"summary_large_image\" \/>\n<meta name=\"twitter:label1\" content=\"Estimated reading time\" \/>\n\t<meta name=\"twitter:data1\" content=\"2 minutes\" \/>\n<script type=\"application\/ld+json\" class=\"yoast-schema-graph\">{\"@context\":\"https:\\\/\\\/schema.org\",\"@graph\":[{\"@type\":\"WebPage\",\"@id\":\"https:\\\/\\\/vibrationkundaliniyoga.fr\\\/bain-de-gong\\\/\",\"url\":\"https:\\\/\\\/vibrationkundaliniyoga.fr\\\/bain-de-gong\\\/\",\"name\":\"Bain de Gong &#8902; Vibration Kundalini Yoga\",\"isPartOf\":{\"@id\":\"https:\\\/\\\/vibrationkundaliniyoga.fr\\\/#website\"},\"primaryImageOfPage\":{\"@id\":\"https:\\\/\\\/vibrationkundaliniyoga.fr\\\/bain-de-gong\\\/#primaryimage\"},\"image\":{\"@id\":\"https:\\\/\\\/vibrationkundaliniyoga.fr\\\/bain-de-gong\\\/#primaryimage\"},\"thumbnailUrl\":\"https:\\\/\\\/vibrationkundaliniyoga.fr\\\/wp-content\\\/uploads\\\/2023\\\/03\\\/Yoga-Union-2.jpg\",\"datePublished\":\"2021-04-23T15:31:19+00:00\",\"dateModified\":\"2023-04-28T10:18:33+00:00\",\"description\":\"Il n\u2019y a qu\u2019une chose qui peut remplacer et prendre la direction de l\u2019esprit humain : le son du Gong. C\u2019est le son primordial de l\u2019Univers, le son cr\u00e9atif fondamental.\",\"breadcrumb\":{\"@id\":\"https:\\\/\\\/vibrationkundaliniyoga.fr\\\/bain-de-gong\\\/#breadcrumb\"},\"inLanguage\":\"en-GB\",\"potentialAction\":[{\"@type\":\"ReadAction\",\"target\":[\"https:\\\/\\\/vibrationkundaliniyoga.fr\\\/bain-de-gong\\\/\"]}]},{\"@type\":\"ImageObject\",\"inLanguage\":\"en-GB\",\"@id\":\"https:\\\/\\\/vibrationkundaliniyoga.fr\\\/bain-de-gong\\\/#primaryimage\",\"url\":\"https:\\\/\\\/vibrationkundaliniyoga.fr\\\/wp-content\\\/uploads\\\/2023\\\/03\\\/Yoga-Union-2.jpg\",\"contentUrl\":\"https:\\\/\\\/vibrationkundaliniyoga.fr\\\/wp-content\\\/uploads\\\/2023\\\/03\\\/Yoga-Union-2.jpg\"},{\"@type\":\"BreadcrumbList\",\"@id\":\"https:\\\/\\\/vibrationkundaliniyoga.fr\\\/bain-de-gong\\\/#breadcrumb\",\"itemListElement\":[{\"@type\":\"ListItem\",\"position\":1,\"name\":\"Accueil\",\"item\":\"https:\\\/\\\/vibrationkundaliniyoga.fr\\\/\"},{\"@type\":\"ListItem\",\"position\":2,\"name\":\"Bain de Gong\"}]},{\"@type\":\"WebSite\",\"@id\":\"https:\\\/\\\/vibrationkundaliniyoga.fr\\\/#website\",\"url\":\"https:\\\/\\\/vibrationkundaliniyoga.fr\\\/\",\"name\":\"Vibration Kundalini Yoga\",\"description\":\"Gong &amp; Yoga Kundalini - Entre Gen\u00e8ve &amp; Annecy\",\"publisher\":{\"@id\":\"https:\\\/\\\/vibrationkundaliniyoga.fr\\\/#\\\/schema\\\/person\\\/017c4704e47030a259b55f4cdc5b3ae7\"},\"potentialAction\":[{\"@type\":\"SearchAction\",\"target\":{\"@type\":\"EntryPoint\",\"urlTemplate\":\"https:\\\/\\\/vibrationkundaliniyoga.fr\\\/?s={search_term_string}\"},\"query-input\":{\"@type\":\"PropertyValueSpecification\",\"valueRequired\":true,\"valueName\":\"search_term_string\"}}],\"inLanguage\":\"en-GB\"},{\"@type\":[\"Person\",\"Organization\"],\"@id\":\"https:\\\/\\\/vibrationkundaliniyoga.fr\\\/#\\\/schema\\\/person\\\/017c4704e47030a259b55f4cdc5b3ae7\",\"name\":\"Maximilien\",\"image\":{\"@type\":\"ImageObject\",\"inLanguage\":\"en-GB\",\"@id\":\"https:\\\/\\\/secure.gravatar.com\\\/avatar\\\/9f910fa0c4b06fce7f5e4d5a378b1c2091edaa817a741638e2b4c4e793d93a67?s=96&d=mm&r=g\",\"url\":\"https:\\\/\\\/secure.gravatar.com\\\/avatar\\\/9f910fa0c4b06fce7f5e4d5a378b1c2091edaa817a741638e2b4c4e793d93a67?s=96&d=mm&r=g\",\"contentUrl\":\"https:\\\/\\\/secure.gravatar.com\\\/avatar\\\/9f910fa0c4b06fce7f5e4d5a378b1c2091edaa817a741638e2b4c4e793d93a67?s=96&d=mm&r=g\",\"caption\":\"Maximilien\"},\"logo\":{\"@id\":\"https:\\\/\\\/secure.gravatar.com\\\/avatar\\\/9f910fa0c4b06fce7f5e4d5a378b1c2091edaa817a741638e2b4c4e793d93a67?s=96&d=mm&r=g\"},\"sameAs\":[\"https:\\\/\\\/vibrationkundaliniyoga.fr\"]}]}<\/script>\n<!-- \/ Yoast SEO plugin. -->","yoast_head_json":{"title":"Bain de Gong &#8902; Vibration Kundalini Yoga","description":"Il n\u2019y a qu\u2019une chose qui peut remplacer et prendre la direction de l\u2019esprit humain : le son du Gong. C\u2019est le son primordial de l\u2019Univers, le son cr\u00e9atif fondamental.","robots":{"index":"index","follow":"follow","max-snippet":"max-snippet:-1","max-image-preview":"max-image-preview:large","max-video-preview":"max-video-preview:-1"},"canonical":"https:\/\/vibrationkundaliniyoga.fr\/eng\/bain-de-gong\/","og_locale":"en_GB","og_type":"article","og_title":"Bain de Gong &#8902; Vibration Kundalini Yoga","og_description":"Il n\u2019y a qu\u2019une chose qui peut remplacer et prendre la direction de l\u2019esprit humain : le son du Gong. C\u2019est le son primordial de l\u2019Univers, le son cr\u00e9atif fondamental.","og_url":"https:\/\/vibrationkundaliniyoga.fr\/eng\/bain-de-gong\/","og_site_name":"Vibration Kundalini Yoga","article_modified_time":"2023-04-28T10:18:33+00:00","og_image":[{"url":"https:\/\/vibrationkundaliniyoga.fr\/wp-content\/uploads\/2023\/03\/Yoga-Union-2.jpg","type":"","width":"","height":""}],"twitter_card":"summary_large_image","twitter_misc":{"Estimated reading time":"2 minutes"},"schema":{"@context":"https:\/\/schema.org","@graph":[{"@type":"WebPage","@id":"https:\/\/vibrationkundaliniyoga.fr\/bain-de-gong\/","url":"https:\/\/vibrationkundaliniyoga.fr\/bain-de-gong\/","name":"Bain de Gong &#8902; Vibration Kundalini Yoga","isPartOf":{"@id":"https:\/\/vibrationkundaliniyoga.fr\/#website"},"primaryImageOfPage":{"@id":"https:\/\/vibrationkundaliniyoga.fr\/bain-de-gong\/#primaryimage"},"image":{"@id":"https:\/\/vibrationkundaliniyoga.fr\/bain-de-gong\/#primaryimage"},"thumbnailUrl":"https:\/\/vibrationkundaliniyoga.fr\/wp-content\/uploads\/2023\/03\/Yoga-Union-2.jpg","datePublished":"2021-04-23T15:31:19+00:00","dateModified":"2023-04-28T10:18:33+00:00","description":"Il n\u2019y a qu\u2019une chose qui peut remplacer et prendre la direction de l\u2019esprit humain : le son du Gong. C\u2019est le son primordial de l\u2019Univers, le son cr\u00e9atif fondamental.","breadcrumb":{"@id":"https:\/\/vibrationkundaliniyoga.fr\/bain-de-gong\/#breadcrumb"},"inLanguage":"en-GB","potentialAction":[{"@type":"ReadAction","target":["https:\/\/vibrationkundaliniyoga.fr\/bain-de-gong\/"]}]},{"@type":"ImageObject","inLanguage":"en-GB","@id":"https:\/\/vibrationkundaliniyoga.fr\/bain-de-gong\/#primaryimage","url":"https:\/\/vibrationkundaliniyoga.fr\/wp-content\/uploads\/2023\/03\/Yoga-Union-2.jpg","contentUrl":"https:\/\/vibrationkundaliniyoga.fr\/wp-content\/uploads\/2023\/03\/Yoga-Union-2.jpg"},{"@type":"BreadcrumbList","@id":"https:\/\/vibrationkundaliniyoga.fr\/bain-de-gong\/#breadcrumb","itemListElement":[{"@type":"ListItem","position":1,"name":"Accueil","item":"https:\/\/vibrationkundaliniyoga.fr\/"},{"@type":"ListItem","position":2,"name":"Bain de Gong"}]},{"@type":"WebSite","@id":"https:\/\/vibrationkundaliniyoga.fr\/#website","url":"https:\/\/vibrationkundaliniyoga.fr\/","name":"Vibration Kundalini Yoga","description":"Gong &amp; Yoga Kundalini - Entre Gen\u00e8ve &amp; Annecy","publisher":{"@id":"https:\/\/vibrationkundaliniyoga.fr\/#\/schema\/person\/017c4704e47030a259b55f4cdc5b3ae7"},"potentialAction":[{"@type":"SearchAction","target":{"@type":"EntryPoint","urlTemplate":"https:\/\/vibrationkundaliniyoga.fr\/?s={search_term_string}"},"query-input":{"@type":"PropertyValueSpecification","valueRequired":true,"valueName":"search_term_string"}}],"inLanguage":"en-GB"},{"@type":["Person","Organization"],"@id":"https:\/\/vibrationkundaliniyoga.fr\/#\/schema\/person\/017c4704e47030a259b55f4cdc5b3ae7","name":"Maximilien","image":{"@type":"ImageObject","inLanguage":"en-GB","@id":"https:\/\/secure.gravatar.com\/avatar\/9f910fa0c4b06fce7f5e4d5a378b1c2091edaa817a741638e2b4c4e793d93a67?s=96&d=mm&r=g","url":"https:\/\/secure.gravatar.com\/avatar\/9f910fa0c4b06fce7f5e4d5a378b1c2091edaa817a741638e2b4c4e793d93a67?s=96&d=mm&r=g","contentUrl":"https:\/\/secure.gravatar.com\/avatar\/9f910fa0c4b06fce7f5e4d5a378b1c2091edaa817a741638e2b4c4e793d93a67?s=96&d=mm&r=g","caption":"Maximilien"},"logo":{"@id":"https:\/\/secure.gravatar.com\/avatar\/9f910fa0c4b06fce7f5e4d5a378b1c2091edaa817a741638e2b4c4e793d93a67?s=96&d=mm&r=g"},"sameAs":["https:\/\/vibrationkundaliniyoga.fr"]}]}},"uagb_featured_image_src":{"full":false,"thumbnail":false,"medium":false,"medium_large":false,"large":false,"1536x1536":false,"2048x2048":false,"trp-custom-language-flag":false,"twentyseventeen-featured-image":false,"twentyseventeen-thumbnail-avatar":false},"uagb_author_info":{"display_name":"Maximilien","author_link":"https:\/\/vibrationkundaliniyoga.fr\/eng\/author\/admin5225\/"},"uagb_comment_info":0,"uagb_excerpt":"LE BAIN DE GONG \u00ab Il n\u2019y a qu\u2019une chose qui peut remplacer et prendre la direction de l\u2019esprit humain : le son du Gong. C\u2019est le son primordial de l\u2019Univers, le son cr\u00e9atif fondamental \u00bb Yogi Bajhan Tout est vibration&nbsp;: la lumi\u00e8re, le son, la mati\u00e8re.. Le Gong est un instrument fascinant par son&hellip;","jetpack_sharing_enabled":false,"_links":{"self":[{"href":"https:\/\/vibrationkundaliniyoga.fr\/eng\/wp-json\/wp\/v2\/pages\/43","targetHints":{"allow":["GET"]}}],"collection":[{"href":"https:\/\/vibrationkundaliniyoga.fr\/eng\/wp-json\/wp\/v2\/pages"}],"about":[{"href":"https:\/\/vibrationkundaliniyoga.fr\/eng\/wp-json\/wp\/v2\/types\/page"}],"author":[{"embeddable":true,"href":"https:\/\/vibrationkundaliniyoga.fr\/eng\/wp-json\/wp\/v2\/users\/1"}],"replies":[{"embeddable":true,"href":"https:\/\/vibrationkundaliniyoga.fr\/eng\/wp-json\/wp\/v2\/comments?post=43"}],"version-history":[{"count":28,"href":"https:\/\/vibrationkundaliniyoga.fr\/eng\/wp-json\/wp\/v2\/pages\/43\/revisions"}],"predecessor-version":[{"id":1699,"href":"https:\/\/vibrationkundaliniyoga.fr\/eng\/wp-json\/wp\/v2\/pages\/43\/revisions\/1699"}],"wp:attachment":[{"href":"https:\/\/vibrationkundaliniyoga.fr\/eng\/wp-json\/wp\/v2\/media?parent=43"}],"curies":[{"name":"wp","href":"https:\/\/api.w.org\/{rel}","templated":true}]}}