{"id":2,"date":"2021-04-20T17:07:29","date_gmt":"2021-04-20T15:07:29","guid":{"rendered":"http:\/\/vibrationkundaliniyoga.fr\/?page_id=2"},"modified":"2024-10-08T10:43:18","modified_gmt":"2024-10-08T08:43:18","slug":"bienvenue","status":"publish","type":"page","link":"https:\/\/vibrationkundaliniyoga.fr\/eng\/","title":{"rendered":"Bienvenue"},"content":{"rendered":"<p class=\"has-text-align-center has-black-color has-text-color has-medium-font-size\">Welcome in this website<\/p>\n\n\n\n<p class=\"has-text-align-center has-black-color has-text-color has-medium-font-size\">Je m&rsquo;appelle Maximilien. Je vous propose l&rsquo;exp\u00e9rience du Kundalini Yoga &amp; des vibrations du gong de Gen\u00e8ve \u00e0 Annecy<\/p>\n\n\n\n<p><\/p>\n\n\n<div class=\"wp-block-image is-style-default\">\n<figure class=\"aligncenter size-full\"><img data-recalc-dims=\"1\" loading=\"lazy\" decoding=\"async\" width=\"384\" height=\"512\" src=\"https:\/\/i0.wp.com\/vibrationkundaliniyoga.fr\/wp-content\/uploads\/2022\/04\/512x384.jpg?resize=384%2C512&#038;ssl=1\" alt=\"\" class=\"wp-image-854\" srcset=\"https:\/\/i0.wp.com\/vibrationkundaliniyoga.fr\/wp-content\/uploads\/2022\/04\/512x384.jpg?w=384&amp;ssl=1 384w, https:\/\/i0.wp.com\/vibrationkundaliniyoga.fr\/wp-content\/uploads\/2022\/04\/512x384.jpg?resize=225%2C300&amp;ssl=1 225w\" sizes=\"auto, (max-width: 384px) 100vw, 384px\" \/><\/figure>\n<\/div>\n\n\n<div style=\"height:60px\" aria-hidden=\"true\" class=\"wp-block-spacer\"><\/div>\n\n\n\n<p class=\"has-text-align-center has-black-color has-text-color\" style=\"font-size:22px\"><em>\" In Kundalini yoga, the most important thing is our experience.<\/em> <em>It touches our heart directly, no words can replace this experience.\"<\/em><\/p>\n\n\n\n<p class=\"has-text-align-center has-black-color has-text-color\" style=\"font-size:18px\"><em>Yogi&nbsp;Bhajan<\/em><\/p>\n\n\n\n<div style=\"height:80px\" aria-hidden=\"true\" class=\"wp-block-spacer\"><\/div>\n\n\n\n<div class=\"wp-block-uagb-buttons uagb-buttons__outer-wrap uagb-btn__medium-btn uagb-btn-tablet__default-btn uagb-btn-mobile__default-btn uagb-block-3f14fc39\"><div class=\"uagb-buttons__wrap uagb-buttons-layout-wrap\">\n<div class=\"wp-block-uagb-buttons-child uagb-buttons__outer-wrap uagb-block-77e3e2f8 wp-block-button\"><div class=\"uagb-button__wrapper\"><a class=\"uagb-buttons-repeater wp-block-button__link\" aria-label=\"\" href=\"https:\/\/vibrationkundaliniyoga.fr\/eng\/newsletter\/\" rel=\"follow noopener\" target=\"_self\" role=\"button\"><div class=\"uagb-button__link\">Subscribe to the newsletter to be informed of the news<\/div><\/a><\/div><\/div>\n<\/div><\/div>\n\n\n\n<p><\/p>","protected":false},"excerpt":{"rendered":"<p>Bienvenue sur ce site Je m&rsquo;appelle Maximilien. Je vous propose l&rsquo;exp\u00e9rience du Kundalini Yoga &amp; des vibrations du gong de Gen\u00e8ve \u00e0 Annecy \u00ab&nbsp;En Kundalini yoga, le plus important est notre exp\u00e9rience. Elle touche directement notre c\u0153ur, aucun mot ne peut remplacer cette exp\u00e9rience&nbsp;\u00bb Yogi&nbsp;Bhajan<\/p>","protected":false},"author":1,"featured_media":0,"parent":0,"menu_order":0,"comment_status":"closed","ping_status":"closed","template":"","meta":{"_uag_custom_page_level_css":"","footnotes":""},"class_list":["post-2","page","type-page","status-publish","hentry"],"yoast_head":"<!-- This site is optimized with the Yoast SEO plugin v27.4 - https:\/\/yoast.com\/product\/yoast-seo-wordpress\/ -->\n<title>Bienvenue &#8902; Vibration Kundalini Yoga<\/title>\n<meta name=\"description\" content=\"Bienvenue. Je vous propose de partager ensemble l&#039;exp\u00e9rience du Kundalini Yoga et des bains de gong, entre Annecy et Les Aravis.\" \/>\n<meta name=\"robots\" content=\"index, follow, max-snippet:-1, max-image-preview:large, max-video-preview:-1\" \/>\n<link rel=\"canonical\" href=\"https:\/\/vibrationkundaliniyoga.fr\/eng\/\" \/>\n<meta property=\"og:locale\" content=\"en_GB\" \/>\n<meta property=\"og:type\" content=\"article\" \/>\n<meta property=\"og:title\" content=\"Bienvenue &#8902; Vibration Kundalini Yoga\" \/>\n<meta property=\"og:description\" content=\"Bienvenue. Je vous propose de partager ensemble l&#039;exp\u00e9rience du Kundalini Yoga et des bains de gong, entre Annecy et Les Aravis.\" \/>\n<meta property=\"og:url\" content=\"https:\/\/vibrationkundaliniyoga.fr\/eng\/\" \/>\n<meta property=\"og:site_name\" content=\"Vibration Kundalini Yoga\" \/>\n<meta property=\"article:modified_time\" content=\"2024-10-08T08:43:18+00:00\" \/>\n<meta property=\"og:image\" content=\"https:\/\/vibrationkundaliniyoga.fr\/wp-content\/uploads\/2022\/04\/512x384.jpg\" \/>\n<meta name=\"twitter:card\" content=\"summary_large_image\" \/>\n<meta name=\"twitter:label1\" content=\"Estimated reading time\" \/>\n\t<meta name=\"twitter:data1\" content=\"1 minute\" \/>\n<script type=\"application\/ld+json\" class=\"yoast-schema-graph\">{\"@context\":\"https:\\\/\\\/schema.org\",\"@graph\":[{\"@type\":\"WebPage\",\"@id\":\"https:\\\/\\\/vibrationkundaliniyoga.fr\\\/\",\"url\":\"https:\\\/\\\/vibrationkundaliniyoga.fr\\\/\",\"name\":\"Bienvenue &#8902; Vibration Kundalini Yoga\",\"isPartOf\":{\"@id\":\"https:\\\/\\\/vibrationkundaliniyoga.fr\\\/#website\"},\"primaryImageOfPage\":{\"@id\":\"https:\\\/\\\/vibrationkundaliniyoga.fr\\\/#primaryimage\"},\"image\":{\"@id\":\"https:\\\/\\\/vibrationkundaliniyoga.fr\\\/#primaryimage\"},\"thumbnailUrl\":\"https:\\\/\\\/vibrationkundaliniyoga.fr\\\/wp-content\\\/uploads\\\/2022\\\/04\\\/512x384.jpg\",\"datePublished\":\"2021-04-20T15:07:29+00:00\",\"dateModified\":\"2024-10-08T08:43:18+00:00\",\"description\":\"Bienvenue. Je vous propose de partager ensemble l'exp\u00e9rience du Kundalini Yoga et des bains de gong, entre Annecy et Les Aravis.\",\"breadcrumb\":{\"@id\":\"https:\\\/\\\/vibrationkundaliniyoga.fr\\\/#breadcrumb\"},\"inLanguage\":\"en-GB\",\"potentialAction\":[{\"@type\":\"ReadAction\",\"target\":[\"https:\\\/\\\/vibrationkundaliniyoga.fr\\\/\"]}]},{\"@type\":\"ImageObject\",\"inLanguage\":\"en-GB\",\"@id\":\"https:\\\/\\\/vibrationkundaliniyoga.fr\\\/#primaryimage\",\"url\":\"https:\\\/\\\/vibrationkundaliniyoga.fr\\\/wp-content\\\/uploads\\\/2022\\\/04\\\/512x384.jpg\",\"contentUrl\":\"https:\\\/\\\/vibrationkundaliniyoga.fr\\\/wp-content\\\/uploads\\\/2022\\\/04\\\/512x384.jpg\"},{\"@type\":\"BreadcrumbList\",\"@id\":\"https:\\\/\\\/vibrationkundaliniyoga.fr\\\/#breadcrumb\",\"itemListElement\":[{\"@type\":\"ListItem\",\"position\":1,\"name\":\"Accueil\",\"item\":\"https:\\\/\\\/vibrationkundaliniyoga.fr\\\/\"},{\"@type\":\"ListItem\",\"position\":2,\"name\":\"Bienvenue\"}]},{\"@type\":\"WebSite\",\"@id\":\"https:\\\/\\\/vibrationkundaliniyoga.fr\\\/#website\",\"url\":\"https:\\\/\\\/vibrationkundaliniyoga.fr\\\/\",\"name\":\"Vibration Kundalini Yoga\",\"description\":\"Gong &amp; Yoga Kundalini - Entre Gen\u00e8ve &amp; Annecy\",\"publisher\":{\"@id\":\"https:\\\/\\\/vibrationkundaliniyoga.fr\\\/#\\\/schema\\\/person\\\/017c4704e47030a259b55f4cdc5b3ae7\"},\"potentialAction\":[{\"@type\":\"SearchAction\",\"target\":{\"@type\":\"EntryPoint\",\"urlTemplate\":\"https:\\\/\\\/vibrationkundaliniyoga.fr\\\/?s={search_term_string}\"},\"query-input\":{\"@type\":\"PropertyValueSpecification\",\"valueRequired\":true,\"valueName\":\"search_term_string\"}}],\"inLanguage\":\"en-GB\"},{\"@type\":[\"Person\",\"Organization\"],\"@id\":\"https:\\\/\\\/vibrationkundaliniyoga.fr\\\/#\\\/schema\\\/person\\\/017c4704e47030a259b55f4cdc5b3ae7\",\"name\":\"Maximilien\",\"image\":{\"@type\":\"ImageObject\",\"inLanguage\":\"en-GB\",\"@id\":\"https:\\\/\\\/secure.gravatar.com\\\/avatar\\\/9f910fa0c4b06fce7f5e4d5a378b1c2091edaa817a741638e2b4c4e793d93a67?s=96&d=mm&r=g\",\"url\":\"https:\\\/\\\/secure.gravatar.com\\\/avatar\\\/9f910fa0c4b06fce7f5e4d5a378b1c2091edaa817a741638e2b4c4e793d93a67?s=96&d=mm&r=g\",\"contentUrl\":\"https:\\\/\\\/secure.gravatar.com\\\/avatar\\\/9f910fa0c4b06fce7f5e4d5a378b1c2091edaa817a741638e2b4c4e793d93a67?s=96&d=mm&r=g\",\"caption\":\"Maximilien\"},\"logo\":{\"@id\":\"https:\\\/\\\/secure.gravatar.com\\\/avatar\\\/9f910fa0c4b06fce7f5e4d5a378b1c2091edaa817a741638e2b4c4e793d93a67?s=96&d=mm&r=g\"},\"sameAs\":[\"https:\\\/\\\/vibrationkundaliniyoga.fr\"]}]}<\/script>\n<!-- \/ Yoast SEO plugin. -->","yoast_head_json":{"title":"Bienvenue &#8902; Vibration Kundalini Yoga","description":"Bienvenue. Je vous propose de partager ensemble l'exp\u00e9rience du Kundalini Yoga et des bains de gong, entre Annecy et Les Aravis.","robots":{"index":"index","follow":"follow","max-snippet":"max-snippet:-1","max-image-preview":"max-image-preview:large","max-video-preview":"max-video-preview:-1"},"canonical":"https:\/\/vibrationkundaliniyoga.fr\/eng\/","og_locale":"en_GB","og_type":"article","og_title":"Bienvenue &#8902; Vibration Kundalini Yoga","og_description":"Bienvenue. Je vous propose de partager ensemble l'exp\u00e9rience du Kundalini Yoga et des bains de gong, entre Annecy et Les Aravis.","og_url":"https:\/\/vibrationkundaliniyoga.fr\/eng\/","og_site_name":"Vibration Kundalini Yoga","article_modified_time":"2024-10-08T08:43:18+00:00","og_image":[{"url":"https:\/\/vibrationkundaliniyoga.fr\/wp-content\/uploads\/2022\/04\/512x384.jpg","type":"","width":"","height":""}],"twitter_card":"summary_large_image","twitter_misc":{"Estimated reading time":"1 minute"},"schema":{"@context":"https:\/\/schema.org","@graph":[{"@type":"WebPage","@id":"https:\/\/vibrationkundaliniyoga.fr\/","url":"https:\/\/vibrationkundaliniyoga.fr\/","name":"Bienvenue &#8902; Vibration Kundalini Yoga","isPartOf":{"@id":"https:\/\/vibrationkundaliniyoga.fr\/#website"},"primaryImageOfPage":{"@id":"https:\/\/vibrationkundaliniyoga.fr\/#primaryimage"},"image":{"@id":"https:\/\/vibrationkundaliniyoga.fr\/#primaryimage"},"thumbnailUrl":"https:\/\/vibrationkundaliniyoga.fr\/wp-content\/uploads\/2022\/04\/512x384.jpg","datePublished":"2021-04-20T15:07:29+00:00","dateModified":"2024-10-08T08:43:18+00:00","description":"Bienvenue. Je vous propose de partager ensemble l'exp\u00e9rience du Kundalini Yoga et des bains de gong, entre Annecy et Les Aravis.","breadcrumb":{"@id":"https:\/\/vibrationkundaliniyoga.fr\/#breadcrumb"},"inLanguage":"en-GB","potentialAction":[{"@type":"ReadAction","target":["https:\/\/vibrationkundaliniyoga.fr\/"]}]},{"@type":"ImageObject","inLanguage":"en-GB","@id":"https:\/\/vibrationkundaliniyoga.fr\/#primaryimage","url":"https:\/\/vibrationkundaliniyoga.fr\/wp-content\/uploads\/2022\/04\/512x384.jpg","contentUrl":"https:\/\/vibrationkundaliniyoga.fr\/wp-content\/uploads\/2022\/04\/512x384.jpg"},{"@type":"BreadcrumbList","@id":"https:\/\/vibrationkundaliniyoga.fr\/#breadcrumb","itemListElement":[{"@type":"ListItem","position":1,"name":"Accueil","item":"https:\/\/vibrationkundaliniyoga.fr\/"},{"@type":"ListItem","position":2,"name":"Bienvenue"}]},{"@type":"WebSite","@id":"https:\/\/vibrationkundaliniyoga.fr\/#website","url":"https:\/\/vibrationkundaliniyoga.fr\/","name":"Vibration Kundalini Yoga","description":"Gong &amp; Yoga Kundalini - Entre Gen\u00e8ve &amp; Annecy","publisher":{"@id":"https:\/\/vibrationkundaliniyoga.fr\/#\/schema\/person\/017c4704e47030a259b55f4cdc5b3ae7"},"potentialAction":[{"@type":"SearchAction","target":{"@type":"EntryPoint","urlTemplate":"https:\/\/vibrationkundaliniyoga.fr\/?s={search_term_string}"},"query-input":{"@type":"PropertyValueSpecification","valueRequired":true,"valueName":"search_term_string"}}],"inLanguage":"en-GB"},{"@type":["Person","Organization"],"@id":"https:\/\/vibrationkundaliniyoga.fr\/#\/schema\/person\/017c4704e47030a259b55f4cdc5b3ae7","name":"Maximilien","image":{"@type":"ImageObject","inLanguage":"en-GB","@id":"https:\/\/secure.gravatar.com\/avatar\/9f910fa0c4b06fce7f5e4d5a378b1c2091edaa817a741638e2b4c4e793d93a67?s=96&d=mm&r=g","url":"https:\/\/secure.gravatar.com\/avatar\/9f910fa0c4b06fce7f5e4d5a378b1c2091edaa817a741638e2b4c4e793d93a67?s=96&d=mm&r=g","contentUrl":"https:\/\/secure.gravatar.com\/avatar\/9f910fa0c4b06fce7f5e4d5a378b1c2091edaa817a741638e2b4c4e793d93a67?s=96&d=mm&r=g","caption":"Maximilien"},"logo":{"@id":"https:\/\/secure.gravatar.com\/avatar\/9f910fa0c4b06fce7f5e4d5a378b1c2091edaa817a741638e2b4c4e793d93a67?s=96&d=mm&r=g"},"sameAs":["https:\/\/vibrationkundaliniyoga.fr"]}]}},"uagb_featured_image_src":{"full":false,"thumbnail":false,"medium":false,"medium_large":false,"large":false,"1536x1536":false,"2048x2048":false,"trp-custom-language-flag":false,"twentyseventeen-featured-image":false,"twentyseventeen-thumbnail-avatar":false},"uagb_author_info":{"display_name":"Maximilien","author_link":"https:\/\/vibrationkundaliniyoga.fr\/eng\/author\/admin5225\/"},"uagb_comment_info":0,"uagb_excerpt":"Bienvenue sur ce site Je m&rsquo;appelle Maximilien. Je vous propose l&rsquo;exp\u00e9rience du Kundalini Yoga &amp; des vibrations du gong de Gen\u00e8ve \u00e0 Annecy \u00ab&nbsp;En Kundalini yoga, le plus important est notre exp\u00e9rience. Elle touche directement notre c\u0153ur, aucun mot ne peut remplacer cette exp\u00e9rience&nbsp;\u00bb Yogi&nbsp;Bhajan","jetpack_sharing_enabled":false,"_links":{"self":[{"href":"https:\/\/vibrationkundaliniyoga.fr\/eng\/wp-json\/wp\/v2\/pages\/2","targetHints":{"allow":["GET"]}}],"collection":[{"href":"https:\/\/vibrationkundaliniyoga.fr\/eng\/wp-json\/wp\/v2\/pages"}],"about":[{"href":"https:\/\/vibrationkundaliniyoga.fr\/eng\/wp-json\/wp\/v2\/types\/page"}],"author":[{"embeddable":true,"href":"https:\/\/vibrationkundaliniyoga.fr\/eng\/wp-json\/wp\/v2\/users\/1"}],"replies":[{"embeddable":true,"href":"https:\/\/vibrationkundaliniyoga.fr\/eng\/wp-json\/wp\/v2\/comments?post=2"}],"version-history":[{"count":57,"href":"https:\/\/vibrationkundaliniyoga.fr\/eng\/wp-json\/wp\/v2\/pages\/2\/revisions"}],"predecessor-version":[{"id":3154,"href":"https:\/\/vibrationkundaliniyoga.fr\/eng\/wp-json\/wp\/v2\/pages\/2\/revisions\/3154"}],"wp:attachment":[{"href":"https:\/\/vibrationkundaliniyoga.fr\/eng\/wp-json\/wp\/v2\/media?parent=2"}],"curies":[{"name":"wp","href":"https:\/\/api.w.org\/{rel}","templated":true}]}}