{"id":171,"date":"2021-04-29T12:19:01","date_gmt":"2021-04-29T10:19:01","guid":{"rendered":"https:\/\/vibrationkundaliniyoga.fr\/?page_id=171"},"modified":"2022-02-24T17:07:17","modified_gmt":"2022-02-24T16:07:17","slug":"newsletter","status":"publish","type":"page","link":"https:\/\/vibrationkundaliniyoga.fr\/eng\/newsletter\/","title":{"rendered":"Newsletter"},"content":{"rendered":"<p class=\"has-text-align-center has-text-color\" style=\"color:#ca4e07;font-size:22px\">Subscribe to the newsletter to be informed of the news<br>lessons, courses and workshops in the great outdoors:<\/p>\n\n\n<p><div class=\"tnp tnp-subscription\">\n<form method=\"post\" action=\"https:\/\/vibrationkundaliniyoga.fr\/wp-admin\/admin-ajax.php?action=tnp&amp;na=s\">\n<input type=\"hidden\" name=\"nlang\" value=\"\">\n<div class=\"tnp-field tnp-field-firstname\"><label for=\"tnp-1\">First Name<\/label>\n<input class=\"tnp-name\" type=\"text\" name=\"nn\" id=\"tnp-1\" value=\"\" placeholder=\"\" required><\/div>\n<div class=\"tnp-field tnp-field-surname\"><label for=\"tnp-2\">Last Name<\/label>\n<input class=\"tnp-surname\" type=\"text\" name=\"ns\" id=\"tnp-2\" value=\"\" placeholder=\"\" required><\/div><div class=\"tnp-field tnp-field-email\"><label for=\"tnp-3\">Email<\/label>\n<input class=\"tnp-email\" type=\"email\" name=\"ne\" id=\"tnp-3\" value=\"\" placeholder=\"\" required><\/div>\n<div class=\"tnp-field tnp-field-button\" style=\"text-align: left\"><input class=\"tnp-submit\" type=\"submit\" value=\"subscribe to the newsletter\" style=\"\">\n<\/div>\n<\/form>\n<\/div>\n<\/p>","protected":false},"excerpt":{"rendered":"<p>Inscrivez-vous \u00e0 la newsletter pour \u00eatre inform\u00e9.e de l\u2019actualit\u00e9des cours, des stages et des ateliers en pleine nature :<\/p>","protected":false},"author":1,"featured_media":0,"parent":0,"menu_order":0,"comment_status":"closed","ping_status":"closed","template":"","meta":{"_uag_custom_page_level_css":"","footnotes":""},"class_list":["post-171","page","type-page","status-publish","hentry"],"yoast_head":"<!-- This site is optimized with the Yoast SEO plugin v27.3 - https:\/\/yoast.com\/product\/yoast-seo-wordpress\/ -->\n<title>Newsletter &#8902; Vibration Kundalini Yoga<\/title>\n<meta name=\"description\" content=\"Inscrivez-vous \u00e0 la newsletter pour \u00eatre inform\u00e9 de l\u2019actualit\u00e9 des cours, des stages et des sorties en pleine nature\" \/>\n<meta name=\"robots\" content=\"index, follow, max-snippet:-1, max-image-preview:large, max-video-preview:-1\" \/>\n<link rel=\"canonical\" href=\"https:\/\/vibrationkundaliniyoga.fr\/eng\/newsletter\/\" \/>\n<meta property=\"og:locale\" content=\"en_GB\" \/>\n<meta property=\"og:type\" content=\"article\" \/>\n<meta property=\"og:title\" content=\"Newsletter &#8902; Vibration Kundalini Yoga\" \/>\n<meta property=\"og:description\" content=\"Inscrivez-vous \u00e0 la newsletter pour \u00eatre inform\u00e9 de l\u2019actualit\u00e9 des cours, des stages et des sorties en pleine nature\" \/>\n<meta property=\"og:url\" content=\"https:\/\/vibrationkundaliniyoga.fr\/eng\/newsletter\/\" \/>\n<meta property=\"og:site_name\" content=\"Vibration Kundalini Yoga\" \/>\n<meta property=\"article:modified_time\" content=\"2022-02-24T16:07:17+00:00\" \/>\n<meta name=\"twitter:card\" content=\"summary_large_image\" \/>\n<meta name=\"twitter:label1\" content=\"Estimated reading time\" \/>\n\t<meta name=\"twitter:data1\" content=\"1 minute\" \/>\n<script type=\"application\/ld+json\" class=\"yoast-schema-graph\">{\"@context\":\"https:\\\/\\\/schema.org\",\"@graph\":[{\"@type\":\"WebPage\",\"@id\":\"https:\\\/\\\/vibrationkundaliniyoga.fr\\\/newsletter\\\/\",\"url\":\"https:\\\/\\\/vibrationkundaliniyoga.fr\\\/newsletter\\\/\",\"name\":\"Newsletter &#8902; Vibration Kundalini Yoga\",\"isPartOf\":{\"@id\":\"https:\\\/\\\/vibrationkundaliniyoga.fr\\\/#website\"},\"datePublished\":\"2021-04-29T10:19:01+00:00\",\"dateModified\":\"2022-02-24T16:07:17+00:00\",\"description\":\"Inscrivez-vous \u00e0 la newsletter pour \u00eatre inform\u00e9 de l\u2019actualit\u00e9 des cours, des stages et des sorties en pleine nature\",\"breadcrumb\":{\"@id\":\"https:\\\/\\\/vibrationkundaliniyoga.fr\\\/newsletter\\\/#breadcrumb\"},\"inLanguage\":\"en-GB\",\"potentialAction\":[{\"@type\":\"ReadAction\",\"target\":[\"https:\\\/\\\/vibrationkundaliniyoga.fr\\\/newsletter\\\/\"]}]},{\"@type\":\"BreadcrumbList\",\"@id\":\"https:\\\/\\\/vibrationkundaliniyoga.fr\\\/newsletter\\\/#breadcrumb\",\"itemListElement\":[{\"@type\":\"ListItem\",\"position\":1,\"name\":\"Accueil\",\"item\":\"https:\\\/\\\/vibrationkundaliniyoga.fr\\\/\"},{\"@type\":\"ListItem\",\"position\":2,\"name\":\"Newsletter\"}]},{\"@type\":\"WebSite\",\"@id\":\"https:\\\/\\\/vibrationkundaliniyoga.fr\\\/#website\",\"url\":\"https:\\\/\\\/vibrationkundaliniyoga.fr\\\/\",\"name\":\"Vibration Kundalini Yoga\",\"description\":\"Gong &amp; Yoga Kundalini - Entre Gen\u00e8ve &amp; Annecy\",\"publisher\":{\"@id\":\"https:\\\/\\\/vibrationkundaliniyoga.fr\\\/#\\\/schema\\\/person\\\/017c4704e47030a259b55f4cdc5b3ae7\"},\"potentialAction\":[{\"@type\":\"SearchAction\",\"target\":{\"@type\":\"EntryPoint\",\"urlTemplate\":\"https:\\\/\\\/vibrationkundaliniyoga.fr\\\/?s={search_term_string}\"},\"query-input\":{\"@type\":\"PropertyValueSpecification\",\"valueRequired\":true,\"valueName\":\"search_term_string\"}}],\"inLanguage\":\"en-GB\"},{\"@type\":[\"Person\",\"Organization\"],\"@id\":\"https:\\\/\\\/vibrationkundaliniyoga.fr\\\/#\\\/schema\\\/person\\\/017c4704e47030a259b55f4cdc5b3ae7\",\"name\":\"Maximilien\",\"image\":{\"@type\":\"ImageObject\",\"inLanguage\":\"en-GB\",\"@id\":\"https:\\\/\\\/secure.gravatar.com\\\/avatar\\\/9f910fa0c4b06fce7f5e4d5a378b1c2091edaa817a741638e2b4c4e793d93a67?s=96&d=mm&r=g\",\"url\":\"https:\\\/\\\/secure.gravatar.com\\\/avatar\\\/9f910fa0c4b06fce7f5e4d5a378b1c2091edaa817a741638e2b4c4e793d93a67?s=96&d=mm&r=g\",\"contentUrl\":\"https:\\\/\\\/secure.gravatar.com\\\/avatar\\\/9f910fa0c4b06fce7f5e4d5a378b1c2091edaa817a741638e2b4c4e793d93a67?s=96&d=mm&r=g\",\"caption\":\"Maximilien\"},\"logo\":{\"@id\":\"https:\\\/\\\/secure.gravatar.com\\\/avatar\\\/9f910fa0c4b06fce7f5e4d5a378b1c2091edaa817a741638e2b4c4e793d93a67?s=96&d=mm&r=g\"},\"sameAs\":[\"https:\\\/\\\/vibrationkundaliniyoga.fr\"]}]}<\/script>\n<!-- \/ Yoast SEO plugin. -->","yoast_head_json":{"title":"Newsletter &#8902; Vibration Kundalini Yoga","description":"Inscrivez-vous \u00e0 la newsletter pour \u00eatre inform\u00e9 de l\u2019actualit\u00e9 des cours, des stages et des sorties en pleine nature","robots":{"index":"index","follow":"follow","max-snippet":"max-snippet:-1","max-image-preview":"max-image-preview:large","max-video-preview":"max-video-preview:-1"},"canonical":"https:\/\/vibrationkundaliniyoga.fr\/eng\/newsletter\/","og_locale":"en_GB","og_type":"article","og_title":"Newsletter &#8902; Vibration Kundalini Yoga","og_description":"Inscrivez-vous \u00e0 la newsletter pour \u00eatre inform\u00e9 de l\u2019actualit\u00e9 des cours, des stages et des sorties en pleine nature","og_url":"https:\/\/vibrationkundaliniyoga.fr\/eng\/newsletter\/","og_site_name":"Vibration Kundalini Yoga","article_modified_time":"2022-02-24T16:07:17+00:00","twitter_card":"summary_large_image","twitter_misc":{"Estimated reading time":"1 minute"},"schema":{"@context":"https:\/\/schema.org","@graph":[{"@type":"WebPage","@id":"https:\/\/vibrationkundaliniyoga.fr\/newsletter\/","url":"https:\/\/vibrationkundaliniyoga.fr\/newsletter\/","name":"Newsletter &#8902; Vibration Kundalini Yoga","isPartOf":{"@id":"https:\/\/vibrationkundaliniyoga.fr\/#website"},"datePublished":"2021-04-29T10:19:01+00:00","dateModified":"2022-02-24T16:07:17+00:00","description":"Inscrivez-vous \u00e0 la newsletter pour \u00eatre inform\u00e9 de l\u2019actualit\u00e9 des cours, des stages et des sorties en pleine nature","breadcrumb":{"@id":"https:\/\/vibrationkundaliniyoga.fr\/newsletter\/#breadcrumb"},"inLanguage":"en-GB","potentialAction":[{"@type":"ReadAction","target":["https:\/\/vibrationkundaliniyoga.fr\/newsletter\/"]}]},{"@type":"BreadcrumbList","@id":"https:\/\/vibrationkundaliniyoga.fr\/newsletter\/#breadcrumb","itemListElement":[{"@type":"ListItem","position":1,"name":"Accueil","item":"https:\/\/vibrationkundaliniyoga.fr\/"},{"@type":"ListItem","position":2,"name":"Newsletter"}]},{"@type":"WebSite","@id":"https:\/\/vibrationkundaliniyoga.fr\/#website","url":"https:\/\/vibrationkundaliniyoga.fr\/","name":"Vibration Kundalini Yoga","description":"Gong &amp; Yoga Kundalini - Entre Gen\u00e8ve &amp; Annecy","publisher":{"@id":"https:\/\/vibrationkundaliniyoga.fr\/#\/schema\/person\/017c4704e47030a259b55f4cdc5b3ae7"},"potentialAction":[{"@type":"SearchAction","target":{"@type":"EntryPoint","urlTemplate":"https:\/\/vibrationkundaliniyoga.fr\/?s={search_term_string}"},"query-input":{"@type":"PropertyValueSpecification","valueRequired":true,"valueName":"search_term_string"}}],"inLanguage":"en-GB"},{"@type":["Person","Organization"],"@id":"https:\/\/vibrationkundaliniyoga.fr\/#\/schema\/person\/017c4704e47030a259b55f4cdc5b3ae7","name":"Maximilien","image":{"@type":"ImageObject","inLanguage":"en-GB","@id":"https:\/\/secure.gravatar.com\/avatar\/9f910fa0c4b06fce7f5e4d5a378b1c2091edaa817a741638e2b4c4e793d93a67?s=96&d=mm&r=g","url":"https:\/\/secure.gravatar.com\/avatar\/9f910fa0c4b06fce7f5e4d5a378b1c2091edaa817a741638e2b4c4e793d93a67?s=96&d=mm&r=g","contentUrl":"https:\/\/secure.gravatar.com\/avatar\/9f910fa0c4b06fce7f5e4d5a378b1c2091edaa817a741638e2b4c4e793d93a67?s=96&d=mm&r=g","caption":"Maximilien"},"logo":{"@id":"https:\/\/secure.gravatar.com\/avatar\/9f910fa0c4b06fce7f5e4d5a378b1c2091edaa817a741638e2b4c4e793d93a67?s=96&d=mm&r=g"},"sameAs":["https:\/\/vibrationkundaliniyoga.fr"]}]}},"uagb_featured_image_src":{"full":false,"thumbnail":false,"medium":false,"medium_large":false,"large":false,"1536x1536":false,"2048x2048":false,"trp-custom-language-flag":false,"twentyseventeen-featured-image":false,"twentyseventeen-thumbnail-avatar":false},"uagb_author_info":{"display_name":"Maximilien","author_link":"https:\/\/vibrationkundaliniyoga.fr\/eng\/author\/admin5225\/"},"uagb_comment_info":0,"uagb_excerpt":"Inscrivez-vous \u00e0 la newsletter pour \u00eatre inform\u00e9.e de l\u2019actualit\u00e9des cours, des stages et des ateliers en pleine nature :","jetpack_sharing_enabled":false,"_links":{"self":[{"href":"https:\/\/vibrationkundaliniyoga.fr\/eng\/wp-json\/wp\/v2\/pages\/171","targetHints":{"allow":["GET"]}}],"collection":[{"href":"https:\/\/vibrationkundaliniyoga.fr\/eng\/wp-json\/wp\/v2\/pages"}],"about":[{"href":"https:\/\/vibrationkundaliniyoga.fr\/eng\/wp-json\/wp\/v2\/types\/page"}],"author":[{"embeddable":true,"href":"https:\/\/vibrationkundaliniyoga.fr\/eng\/wp-json\/wp\/v2\/users\/1"}],"replies":[{"embeddable":true,"href":"https:\/\/vibrationkundaliniyoga.fr\/eng\/wp-json\/wp\/v2\/comments?post=171"}],"version-history":[{"count":13,"href":"https:\/\/vibrationkundaliniyoga.fr\/eng\/wp-json\/wp\/v2\/pages\/171\/revisions"}],"predecessor-version":[{"id":761,"href":"https:\/\/vibrationkundaliniyoga.fr\/eng\/wp-json\/wp\/v2\/pages\/171\/revisions\/761"}],"wp:attachment":[{"href":"https:\/\/vibrationkundaliniyoga.fr\/eng\/wp-json\/wp\/v2\/media?parent=171"}],"curies":[{"name":"wp","href":"https:\/\/api.w.org\/{rel}","templated":true}]}}