{"id":11,"date":"2021-04-22T22:18:55","date_gmt":"2021-04-22T20:18:55","guid":{"rendered":"https:\/\/vibrationkundaliniyoga.fr\/?page_id=11"},"modified":"2022-02-24T16:49:41","modified_gmt":"2022-02-24T15:49:41","slug":"presentation","status":"publish","type":"page","link":"https:\/\/vibrationkundaliniyoga.fr\/eng\/presentation\/","title":{"rendered":"Introducing myself"},"content":{"rendered":"<h1 class=\"has-text-align-center has-text-color wp-block-heading\" style=\"color:#ca4e07\">ABOUT ME<\/h1>\n\n\n\n<div style=\"height:30px\" aria-hidden=\"true\" class=\"wp-block-spacer\"><\/div>\n\n\n\n<div class=\"wp-block-image\"><figure class=\"aligncenter size-large\"><img data-recalc-dims=\"1\" loading=\"lazy\" decoding=\"async\" width=\"384\" height=\"512\" src=\"https:\/\/i0.wp.com\/vibrationkundaliniyoga.fr\/wp-content\/uploads\/2021\/04\/Meditation_nature-1_384x512.jpg?resize=384%2C512&#038;ssl=1\" alt=\"\" class=\"wp-image-123\" srcset=\"https:\/\/i0.wp.com\/vibrationkundaliniyoga.fr\/wp-content\/uploads\/2021\/04\/Meditation_nature-1_384x512.jpg?w=384&amp;ssl=1 384w, https:\/\/i0.wp.com\/vibrationkundaliniyoga.fr\/wp-content\/uploads\/2021\/04\/Meditation_nature-1_384x512.jpg?resize=225%2C300&amp;ssl=1 225w\" sizes=\"auto, (max-width: 384px) 100vw, 384px\" \/><\/figure><\/div>\n\n\n\n<div style=\"height:25px\" aria-hidden=\"true\" class=\"wp-block-spacer\"><\/div>\n\n\n\n<p class=\"has-black-color has-text-color has-medium-font-size\">Lover for nature and wild spaces, I start my yoga practice in 2011 during a van-trip in Europe. Hatha Yoga manual in hands, I start to experiment yoga posture, breathing techniques and their benefits<\/p>\n\n\n\n<p class=\"has-black-color has-text-color has-medium-font-size\">Naturaly, that become the best way to start my days : greet the sun, thanks my body and earth. Listen my breath, enjoy the elements, the nature.<\/p>\n\n\n\n<p class=\"has-black-color has-text-color has-medium-font-size\">In 2017 my back become very painful. Verdict : 4 discopathies in the lower-back. Physical therapies sessionsare not enought. I needed to cure the cause : my injuries, my beliefs, my fears.<\/p>\n\n\n\n<p class=\"has-black-color has-text-color has-medium-font-size\">It's in this context that I discovered the Kundalini Yoga. <\/p>\n\n\n\n<p class=\"has-black-color has-text-color has-medium-font-size\">The practice became a second breath in my life and allowed me to revive the ember partially extinguished.<\/p>\n\n\n\n<p class=\"has-black-color has-text-color has-medium-font-size\">My thirst for experiences and knowledge of the self, led me to Karta Satyaswarati founder of the international school of Kundalini Yoga: Amrit Nam Sarovar.<\/p>\n\n\n\n<p class=\"has-black-color has-text-color has-medium-font-size\">Some retreats later, I decided to continue my evolution while training in teaching in the school that saw me awaken.<\/p>\n\n\n\n<p class=\"has-black-color has-text-color has-medium-font-size\">Today, my permanent student attitude allows me to keep teaching alive and constantly evolving.<\/p>\n\n\n\n<p class=\"has-black-color has-text-color has-medium-font-size\">I wish to put my experience and the vibrations of Kundalini Yoga at the service of those who wish to initiate their transformation.<\/p>\n\n\n\n<p class=\"has-black-color has-text-color has-medium-font-size\">Allowing everyone to free and discover themselves and cultivate their inner flame.<\/p>\n\n\n\n<p class=\"has-black-color has-text-color has-medium-font-size\">Love &amp; Light<\/p>","protected":false},"excerpt":{"rendered":"<p>PR\u00c9SENTATION Amoureux de la nature et des grands espaces, j\u2019ai commenc\u00e9 ma pratique du Yoga en 2011 durant un voyage en Europe. Manuel de Hatha Yoga en main, j\u2019ai commenc\u00e9 \u00e0 exp\u00e9rimenter les postures, les respirations et leurs bienfaits. Tr\u00e8s naturellement, c\u2019est devenu le meilleur moyen de commencer mes journ\u00e9es : saluer le soleil, remercier &hellip; <\/p>\n<p class=\"link-more\"><a href=\"https:\/\/vibrationkundaliniyoga.fr\/eng\/presentation\/\" class=\"more-link\">Continue reading<span class=\"screen-reader-text\"> \u00ab\u00a0Pr\u00e9sentation\u00a0\u00bb<\/span><\/a><\/p>","protected":false},"author":1,"featured_media":0,"parent":0,"menu_order":0,"comment_status":"closed","ping_status":"closed","template":"","meta":{"_uag_custom_page_level_css":"","footnotes":""},"class_list":["post-11","page","type-page","status-publish","hentry"],"yoast_head":"<!-- This site is optimized with the Yoast SEO plugin v27.3 - https:\/\/yoast.com\/product\/yoast-seo-wordpress\/ -->\n<title>Pr\u00e9sentation &#8902; Vibration Kundalini Yoga<\/title>\n<meta name=\"description\" content=\"Amoureux de la nature et des grands espaces, j\u2019ai commenc\u00e9 ma pratique du Yoga en 2011 durant un voyage en Europe.\" \/>\n<meta name=\"robots\" content=\"index, follow, max-snippet:-1, max-image-preview:large, max-video-preview:-1\" \/>\n<link rel=\"canonical\" href=\"https:\/\/vibrationkundaliniyoga.fr\/eng\/presentation\/\" \/>\n<meta property=\"og:locale\" content=\"en_GB\" \/>\n<meta property=\"og:type\" content=\"article\" \/>\n<meta property=\"og:title\" content=\"Pr\u00e9sentation &#8902; Vibration Kundalini Yoga\" \/>\n<meta property=\"og:description\" content=\"Amoureux de la nature et des grands espaces, j\u2019ai commenc\u00e9 ma pratique du Yoga en 2011 durant un voyage en Europe.\" \/>\n<meta property=\"og:url\" content=\"https:\/\/vibrationkundaliniyoga.fr\/eng\/presentation\/\" \/>\n<meta property=\"og:site_name\" content=\"Vibration Kundalini Yoga\" \/>\n<meta property=\"article:modified_time\" content=\"2022-02-24T15:49:41+00:00\" \/>\n<meta property=\"og:image\" content=\"https:\/\/vibrationkundaliniyoga.fr\/wp-content\/uploads\/2021\/04\/Meditation_nature-1_384x512.jpg\" \/>\n<meta name=\"twitter:card\" content=\"summary_large_image\" \/>\n<meta name=\"twitter:label1\" content=\"Estimated reading time\" \/>\n\t<meta name=\"twitter:data1\" content=\"2 minutes\" \/>\n<script type=\"application\/ld+json\" class=\"yoast-schema-graph\">{\"@context\":\"https:\\\/\\\/schema.org\",\"@graph\":[{\"@type\":\"WebPage\",\"@id\":\"https:\\\/\\\/vibrationkundaliniyoga.fr\\\/presentation\\\/\",\"url\":\"https:\\\/\\\/vibrationkundaliniyoga.fr\\\/presentation\\\/\",\"name\":\"Pr\u00e9sentation &#8902; Vibration Kundalini Yoga\",\"isPartOf\":{\"@id\":\"https:\\\/\\\/vibrationkundaliniyoga.fr\\\/#website\"},\"primaryImageOfPage\":{\"@id\":\"https:\\\/\\\/vibrationkundaliniyoga.fr\\\/presentation\\\/#primaryimage\"},\"image\":{\"@id\":\"https:\\\/\\\/vibrationkundaliniyoga.fr\\\/presentation\\\/#primaryimage\"},\"thumbnailUrl\":\"https:\\\/\\\/vibrationkundaliniyoga.fr\\\/wp-content\\\/uploads\\\/2021\\\/04\\\/Meditation_nature-1_384x512.jpg\",\"datePublished\":\"2021-04-22T20:18:55+00:00\",\"dateModified\":\"2022-02-24T15:49:41+00:00\",\"description\":\"Amoureux de la nature et des grands espaces, j\u2019ai commenc\u00e9 ma pratique du Yoga en 2011 durant un voyage en Europe.\",\"breadcrumb\":{\"@id\":\"https:\\\/\\\/vibrationkundaliniyoga.fr\\\/presentation\\\/#breadcrumb\"},\"inLanguage\":\"en-GB\",\"potentialAction\":[{\"@type\":\"ReadAction\",\"target\":[\"https:\\\/\\\/vibrationkundaliniyoga.fr\\\/presentation\\\/\"]}]},{\"@type\":\"ImageObject\",\"inLanguage\":\"en-GB\",\"@id\":\"https:\\\/\\\/vibrationkundaliniyoga.fr\\\/presentation\\\/#primaryimage\",\"url\":\"https:\\\/\\\/vibrationkundaliniyoga.fr\\\/wp-content\\\/uploads\\\/2021\\\/04\\\/Meditation_nature-1_384x512.jpg\",\"contentUrl\":\"https:\\\/\\\/vibrationkundaliniyoga.fr\\\/wp-content\\\/uploads\\\/2021\\\/04\\\/Meditation_nature-1_384x512.jpg\"},{\"@type\":\"BreadcrumbList\",\"@id\":\"https:\\\/\\\/vibrationkundaliniyoga.fr\\\/presentation\\\/#breadcrumb\",\"itemListElement\":[{\"@type\":\"ListItem\",\"position\":1,\"name\":\"Accueil\",\"item\":\"https:\\\/\\\/vibrationkundaliniyoga.fr\\\/\"},{\"@type\":\"ListItem\",\"position\":2,\"name\":\"Pr\u00e9sentation\"}]},{\"@type\":\"WebSite\",\"@id\":\"https:\\\/\\\/vibrationkundaliniyoga.fr\\\/#website\",\"url\":\"https:\\\/\\\/vibrationkundaliniyoga.fr\\\/\",\"name\":\"Vibration Kundalini Yoga\",\"description\":\"Gong &amp; Yoga Kundalini - Entre Gen\u00e8ve &amp; Annecy\",\"publisher\":{\"@id\":\"https:\\\/\\\/vibrationkundaliniyoga.fr\\\/#\\\/schema\\\/person\\\/017c4704e47030a259b55f4cdc5b3ae7\"},\"potentialAction\":[{\"@type\":\"SearchAction\",\"target\":{\"@type\":\"EntryPoint\",\"urlTemplate\":\"https:\\\/\\\/vibrationkundaliniyoga.fr\\\/?s={search_term_string}\"},\"query-input\":{\"@type\":\"PropertyValueSpecification\",\"valueRequired\":true,\"valueName\":\"search_term_string\"}}],\"inLanguage\":\"en-GB\"},{\"@type\":[\"Person\",\"Organization\"],\"@id\":\"https:\\\/\\\/vibrationkundaliniyoga.fr\\\/#\\\/schema\\\/person\\\/017c4704e47030a259b55f4cdc5b3ae7\",\"name\":\"Maximilien\",\"image\":{\"@type\":\"ImageObject\",\"inLanguage\":\"en-GB\",\"@id\":\"https:\\\/\\\/secure.gravatar.com\\\/avatar\\\/9f910fa0c4b06fce7f5e4d5a378b1c2091edaa817a741638e2b4c4e793d93a67?s=96&d=mm&r=g\",\"url\":\"https:\\\/\\\/secure.gravatar.com\\\/avatar\\\/9f910fa0c4b06fce7f5e4d5a378b1c2091edaa817a741638e2b4c4e793d93a67?s=96&d=mm&r=g\",\"contentUrl\":\"https:\\\/\\\/secure.gravatar.com\\\/avatar\\\/9f910fa0c4b06fce7f5e4d5a378b1c2091edaa817a741638e2b4c4e793d93a67?s=96&d=mm&r=g\",\"caption\":\"Maximilien\"},\"logo\":{\"@id\":\"https:\\\/\\\/secure.gravatar.com\\\/avatar\\\/9f910fa0c4b06fce7f5e4d5a378b1c2091edaa817a741638e2b4c4e793d93a67?s=96&d=mm&r=g\"},\"sameAs\":[\"https:\\\/\\\/vibrationkundaliniyoga.fr\"]}]}<\/script>\n<!-- \/ Yoast SEO plugin. -->","yoast_head_json":{"title":"Pr\u00e9sentation &#8902; Vibration Kundalini Yoga","description":"Amoureux de la nature et des grands espaces, j\u2019ai commenc\u00e9 ma pratique du Yoga en 2011 durant un voyage en Europe.","robots":{"index":"index","follow":"follow","max-snippet":"max-snippet:-1","max-image-preview":"max-image-preview:large","max-video-preview":"max-video-preview:-1"},"canonical":"https:\/\/vibrationkundaliniyoga.fr\/eng\/presentation\/","og_locale":"en_GB","og_type":"article","og_title":"Pr\u00e9sentation &#8902; Vibration Kundalini Yoga","og_description":"Amoureux de la nature et des grands espaces, j\u2019ai commenc\u00e9 ma pratique du Yoga en 2011 durant un voyage en Europe.","og_url":"https:\/\/vibrationkundaliniyoga.fr\/eng\/presentation\/","og_site_name":"Vibration Kundalini Yoga","article_modified_time":"2022-02-24T15:49:41+00:00","og_image":[{"url":"https:\/\/vibrationkundaliniyoga.fr\/wp-content\/uploads\/2021\/04\/Meditation_nature-1_384x512.jpg","type":"","width":"","height":""}],"twitter_card":"summary_large_image","twitter_misc":{"Estimated reading time":"2 minutes"},"schema":{"@context":"https:\/\/schema.org","@graph":[{"@type":"WebPage","@id":"https:\/\/vibrationkundaliniyoga.fr\/presentation\/","url":"https:\/\/vibrationkundaliniyoga.fr\/presentation\/","name":"Pr\u00e9sentation &#8902; Vibration Kundalini Yoga","isPartOf":{"@id":"https:\/\/vibrationkundaliniyoga.fr\/#website"},"primaryImageOfPage":{"@id":"https:\/\/vibrationkundaliniyoga.fr\/presentation\/#primaryimage"},"image":{"@id":"https:\/\/vibrationkundaliniyoga.fr\/presentation\/#primaryimage"},"thumbnailUrl":"https:\/\/vibrationkundaliniyoga.fr\/wp-content\/uploads\/2021\/04\/Meditation_nature-1_384x512.jpg","datePublished":"2021-04-22T20:18:55+00:00","dateModified":"2022-02-24T15:49:41+00:00","description":"Amoureux de la nature et des grands espaces, j\u2019ai commenc\u00e9 ma pratique du Yoga en 2011 durant un voyage en Europe.","breadcrumb":{"@id":"https:\/\/vibrationkundaliniyoga.fr\/presentation\/#breadcrumb"},"inLanguage":"en-GB","potentialAction":[{"@type":"ReadAction","target":["https:\/\/vibrationkundaliniyoga.fr\/presentation\/"]}]},{"@type":"ImageObject","inLanguage":"en-GB","@id":"https:\/\/vibrationkundaliniyoga.fr\/presentation\/#primaryimage","url":"https:\/\/vibrationkundaliniyoga.fr\/wp-content\/uploads\/2021\/04\/Meditation_nature-1_384x512.jpg","contentUrl":"https:\/\/vibrationkundaliniyoga.fr\/wp-content\/uploads\/2021\/04\/Meditation_nature-1_384x512.jpg"},{"@type":"BreadcrumbList","@id":"https:\/\/vibrationkundaliniyoga.fr\/presentation\/#breadcrumb","itemListElement":[{"@type":"ListItem","position":1,"name":"Accueil","item":"https:\/\/vibrationkundaliniyoga.fr\/"},{"@type":"ListItem","position":2,"name":"Pr\u00e9sentation"}]},{"@type":"WebSite","@id":"https:\/\/vibrationkundaliniyoga.fr\/#website","url":"https:\/\/vibrationkundaliniyoga.fr\/","name":"Vibration Kundalini Yoga","description":"Gong &amp; Yoga Kundalini - Entre Gen\u00e8ve &amp; Annecy","publisher":{"@id":"https:\/\/vibrationkundaliniyoga.fr\/#\/schema\/person\/017c4704e47030a259b55f4cdc5b3ae7"},"potentialAction":[{"@type":"SearchAction","target":{"@type":"EntryPoint","urlTemplate":"https:\/\/vibrationkundaliniyoga.fr\/?s={search_term_string}"},"query-input":{"@type":"PropertyValueSpecification","valueRequired":true,"valueName":"search_term_string"}}],"inLanguage":"en-GB"},{"@type":["Person","Organization"],"@id":"https:\/\/vibrationkundaliniyoga.fr\/#\/schema\/person\/017c4704e47030a259b55f4cdc5b3ae7","name":"Maximilien","image":{"@type":"ImageObject","inLanguage":"en-GB","@id":"https:\/\/secure.gravatar.com\/avatar\/9f910fa0c4b06fce7f5e4d5a378b1c2091edaa817a741638e2b4c4e793d93a67?s=96&d=mm&r=g","url":"https:\/\/secure.gravatar.com\/avatar\/9f910fa0c4b06fce7f5e4d5a378b1c2091edaa817a741638e2b4c4e793d93a67?s=96&d=mm&r=g","contentUrl":"https:\/\/secure.gravatar.com\/avatar\/9f910fa0c4b06fce7f5e4d5a378b1c2091edaa817a741638e2b4c4e793d93a67?s=96&d=mm&r=g","caption":"Maximilien"},"logo":{"@id":"https:\/\/secure.gravatar.com\/avatar\/9f910fa0c4b06fce7f5e4d5a378b1c2091edaa817a741638e2b4c4e793d93a67?s=96&d=mm&r=g"},"sameAs":["https:\/\/vibrationkundaliniyoga.fr"]}]}},"uagb_featured_image_src":{"full":false,"thumbnail":false,"medium":false,"medium_large":false,"large":false,"1536x1536":false,"2048x2048":false,"trp-custom-language-flag":false,"twentyseventeen-featured-image":false,"twentyseventeen-thumbnail-avatar":false},"uagb_author_info":{"display_name":"Maximilien","author_link":"https:\/\/vibrationkundaliniyoga.fr\/eng\/author\/admin5225\/"},"uagb_comment_info":0,"uagb_excerpt":"PR\u00c9SENTATION Amoureux de la nature et des grands espaces, j\u2019ai commenc\u00e9 ma pratique du Yoga en 2011 durant un voyage en Europe. Manuel de Hatha Yoga en main, j\u2019ai commenc\u00e9 \u00e0 exp\u00e9rimenter les postures, les respirations et leurs bienfaits. Tr\u00e8s naturellement, c\u2019est devenu le meilleur moyen de commencer mes journ\u00e9es : saluer le soleil, remercier&hellip;","jetpack_sharing_enabled":false,"_links":{"self":[{"href":"https:\/\/vibrationkundaliniyoga.fr\/eng\/wp-json\/wp\/v2\/pages\/11","targetHints":{"allow":["GET"]}}],"collection":[{"href":"https:\/\/vibrationkundaliniyoga.fr\/eng\/wp-json\/wp\/v2\/pages"}],"about":[{"href":"https:\/\/vibrationkundaliniyoga.fr\/eng\/wp-json\/wp\/v2\/types\/page"}],"author":[{"embeddable":true,"href":"https:\/\/vibrationkundaliniyoga.fr\/eng\/wp-json\/wp\/v2\/users\/1"}],"replies":[{"embeddable":true,"href":"https:\/\/vibrationkundaliniyoga.fr\/eng\/wp-json\/wp\/v2\/comments?post=11"}],"version-history":[{"count":18,"href":"https:\/\/vibrationkundaliniyoga.fr\/eng\/wp-json\/wp\/v2\/pages\/11\/revisions"}],"predecessor-version":[{"id":757,"href":"https:\/\/vibrationkundaliniyoga.fr\/eng\/wp-json\/wp\/v2\/pages\/11\/revisions\/757"}],"wp:attachment":[{"href":"https:\/\/vibrationkundaliniyoga.fr\/eng\/wp-json\/wp\/v2\/media?parent=11"}],"curies":[{"name":"wp","href":"https:\/\/api.w.org\/{rel}","templated":true}]}}